{"id":1667,"date":"2023-05-31T18:06:48","date_gmt":"2023-05-31T16:06:48","guid":{"rendered":"https:\/\/consbuenosaires.esteri.it\/?page_id=1667"},"modified":"2023-07-13T17:28:13","modified_gmt":"2023-07-13T15:28:13","slug":"repatriacion-de-enseres","status":"publish","type":"page","link":"https:\/\/consbuenosaires.esteri.it\/es\/servizi-consolari-e-visti\/servizi-per-il-cittadino-italiano\/servizi-notarili\/repatriacion-de-enseres\/","title":{"rendered":"Repatriaci\u00f3n de enseres"},"content":{"rendered":"<p>El interesado, <u>ciudadano italiano<\/u>, deber\u00e1 presentarse, habiendo previamente solicitado un turno, en la Oficina Notarial con la siguiente <strong>documentaci\u00f3n<\/strong>:<\/p>\n<ul>\n<li>cancelaci\u00f3n A.I.R.E. (a realizarse en la Oficina de <a href=\"https:\/\/consbuenosaires.esteri.it\/es\/servizi-consolari-e-visti\/servizi-per-il-cittadino-italiano\/anagrafe-degli-italiani-residenti-allestero-aire\/\"><strong>Registro<\/strong><\/a> del Consulado);<\/li>\n<li>fotocopia del pasaporte;<\/li>\n<li>dos copias de la lista de los enseres en italiano y dos en espa\u00f1ol (la traducci\u00f3n puede ser realizada por el interesado);<\/li>\n<li><strong><a href=\"https:\/\/consbuenosaires.esteri.it\/wp-content\/uploads\/2023\/05\/Modulo-trasferimento-rimpatrio-in-Italia.pdf\">declaraci\u00f3n jurada<\/a><\/strong> que certifique el per\u00edodo de residencia en la circunscripci\u00f3n consular y el municipio en Italia donde tiene la intenci\u00f3n de trasladar su residencia.<\/li>\n<\/ul>\n<p>El interesado, <u>ciudadano extranjero<\/u>, que se traslada a Italia con el correspondiente visado, deber\u00e1 presentarse, habiendo previamente solicitado un turno, en la Oficina Notarial con la siguiente <strong>documentaci\u00f3n<\/strong>:<\/p>\n<ul>\n<li>fotocopia del pasaporte + visado;<\/li>\n<li>dos copias de la lista de los enseres en italiano y dos en espa\u00f1ol (la traducci\u00f3n puede ser realizada por el interesado);<\/li>\n<\/ul>\n<p>*<u>Aquellos que ya se hayan trasladado a Italia tienen un a\u00f1o desde la fecha en que establecieron su residencia para realizar la importaci\u00f3n de sus bienes con exenci\u00f3n.<\/u><\/p>\n<p>&nbsp;<\/p>\n<p><strong><a href=\"https:\/\/www.esteri.it\/it\/servizi-consolari-e-visti\/italiani-all-estero\/assistenzacittadiniestero\/rimpatri\/\">Mayor informaci\u00f3n<\/a> <\/strong><\/p>\n","protected":false},"excerpt":{"rendered":"El interesado, ciudadano italiano, deber\u00e1 presentarse, habiendo previamente solicitado un turno, en la Oficina Notarial con la siguiente documentaci\u00f3n: cancelaci\u00f3n A.I.R.E. (a realizarse en la Oficina de Registro del Consulado); fotocopia del pasaporte; dos copias de la lista de los enseres en italiano y dos en espa\u00f1ol (la traducci\u00f3n puede ser realizada por el interesado); [&hellip;]","protected":false},"author":5,"featured_media":0,"parent":205,"menu_order":0,"comment_status":"closed","ping_status":"closed","template":"","meta":{"footnotes":""},"class_list":["post-1667","page","type-page","status-publish","hentry"],"_links":{"self":[{"href":"https:\/\/consbuenosaires.esteri.it\/es\/wp-json\/wp\/v2\/pages\/1667","targetHints":{"allow":["GET"]}}],"collection":[{"href":"https:\/\/consbuenosaires.esteri.it\/es\/wp-json\/wp\/v2\/pages"}],"about":[{"href":"https:\/\/consbuenosaires.esteri.it\/es\/wp-json\/wp\/v2\/types\/page"}],"author":[{"embeddable":true,"href":"https:\/\/consbuenosaires.esteri.it\/es\/wp-json\/wp\/v2\/users\/5"}],"replies":[{"embeddable":true,"href":"https:\/\/consbuenosaires.esteri.it\/es\/wp-json\/wp\/v2\/comments?post=1667"}],"version-history":[{"count":0,"href":"https:\/\/consbuenosaires.esteri.it\/es\/wp-json\/wp\/v2\/pages\/1667\/revisions"}],"up":[{"embeddable":true,"href":"https:\/\/consbuenosaires.esteri.it\/es\/wp-json\/wp\/v2\/pages\/205"}],"wp:attachment":[{"href":"https:\/\/consbuenosaires.esteri.it\/es\/wp-json\/wp\/v2\/media?parent=1667"}],"curies":[{"name":"wp","href":"https:\/\/api.w.org\/{rel}","templated":true}]}}