{"id":166,"date":"2023-04-03T18:24:11","date_gmt":"2023-04-03T21:24:11","guid":{"rendered":"https:\/\/consbuenosaires.esteri.it\/servizi-consolari-e-visti\/"},"modified":"2026-02-09T09:25:34","modified_gmt":"2026-02-09T12:25:34","slug":"servizi-consolari-e-visti","status":"publish","type":"page","link":"https:\/\/consbuenosaires.esteri.it\/es\/servizi-consolari-e-visti\/","title":{"rendered":"Servicios consulares y de Visados"},"content":{"rendered":"<p>Bienvenidos a la secci\u00f3n dedicada a los servicios consulares.<\/p>\n<p><span style=\"text-decoration: underline;\">Los invitamos a consultar con atenci\u00f3n el siguiente men\u00fa sobre los diversos procedimientos de cada tr\u00e1mite particular.<\/span><\/p>\n<table class=\"table\" style=\"height: 153px;\" width=\"100%\">\n<tbody>\n<tr>\n<td style=\"text-align: center; width: 33%;\"><a title=\"\" href=\"https:\/\/consbuenosaires.esteri.it\/es\/servizi-consolari-e-visti\/servizi-per-il-cittadino-italiano\/anagrafe-degli-italiani-residenti-allestero-aire\/\">Registro\/Fast It<\/a><\/td>\n<td style=\"text-align: center; width: 33%;\"><a title=\"\" href=\"https:\/\/consbuenosaires.esteri.it\/es\/servizi-consolari-e-visti\/servizi-per-il-cittadino-italiano\/stato-civile\/\">Estado Civil<\/a><\/td>\n<td style=\"text-align: center; width: 33%;\"><a title=\"\" href=\"https:\/\/consbuenosaires.esteri.it\/es\/servizi-consolari-e-visti\/servizi-per-il-cittadino-italiano\/passaporti\/\">Pasaportes<\/a><\/td>\n<\/tr>\n<tr>\n<td style=\"text-align: center; width: 33%;\"><a title=\"\" href=\"https:\/\/consbuenosaires.esteri.it\/es\/servizi-consolari-e-visti\/servizi-per-il-cittadino-straniero\/cittadinanza\/\">Ciudadan\u00eda y adopci\u00f3n<\/a><\/td>\n<td style=\"text-align: center; width: 33%;\"><a title=\"\" href=\"https:\/\/consbuenosaires.esteri.it\/es\/servizi-consolari-e-visti\/servizi-per-il-cittadino-italiano\/servizi-notarili\/\">Notarial<\/a><\/td>\n<td style=\"text-align: center; width: 33%;\"><a href=\"https:\/\/consbuenosaires.esteri.it\/es\/servizi-consolari-e-visti\/servizi-per-il-cittadino-straniero\/visti\/\">Visas<\/a><\/td>\n<\/tr>\n<tr>\n<td style=\"text-align: center; width: 33%;\"><a title=\"\" href=\"https:\/\/consbuenosaires.esteri.it\/es\/servizi-consolari-e-visti\/servizi-per-il-cittadino-italiano\/pensioni-e-sicurezza-sociale\/\">Pensiones<\/a><\/td>\n<td style=\"text-align: center; width: 33%;\"><a href=\"https:\/\/consbuenosaires.esteri.it\/es\/servizi-consolari-e-visti\/servizi-per-il-cittadino-italiano\/assistenza-ai-cittadini-allestero\/\">Asistencia<\/a><\/td>\n<td style=\"text-align: center; width: 33%;\"><a href=\"https:\/\/consbuenosaires.esteri.it\/es\/servizi-consolari-e-visti\/servizi-per-il-cittadino-italiano\/altri-servizi\/estudios\/\">Estudios<\/a><\/td>\n<\/tr>\n<tr>\n<td><\/td>\n<td style=\"text-align: center;\"><a href=\"https:\/\/consbuenosaires.esteri.it\/es\/servizi-consolari-e-visti\/servizi-per-il-cittadino-italiano\/carta-de-identidad-electronica-cie\/\">Carta de Identidad Electr\u00f3nica (CIE)<\/a><\/td>\n<td><\/td>\n<\/tr>\n<\/tbody>\n<\/table>\n<p>Asimismo, en el Consulado General est\u00e1 activo un <strong><a href=\"https:\/\/consbuenosaires.esteri.it\/es\/chi-siamo\/gli-uffici\/cooperacion-en-el-sector-educativo-escolar\/\">Departamento Escolar<\/a><\/strong>, que tiene como objetivo promover la cooperaci\u00f3n escolar y la difusi\u00f3n de la lengua y cultura italianas en la Circunscripci\u00f3n, en primer lugar a trav\u00e9s de las cuatro escuelas paritarias, pero tambi\u00e9n en escuelas y entidades donde se ense\u00f1a italiano.<\/p>\n<p>Adem\u00e1s, se encuentran divididos en el men\u00fa lateral los varios servicios consulares en dos categorias, aquellos para el <strong><a href=\"https:\/\/consbuenosaires.esteri.it\/es\/servizi-consolari-e-visti\/servizi-per-il-cittadino-italiano\/\">ciudadano italiano<\/a><\/strong> y para el <strong><a href=\"https:\/\/consbuenosaires.esteri.it\/es\/servizi-consolari-e-visti\/servizi-per-il-cittadino-straniero\/\">ciudadano extranjero<\/a><\/strong>.<\/p>\n<p>En la secci\u00f3n <a href=\"https:\/\/consbuenosaires.esteri.it\/es\/news\/dal_consolato\/formularios\/\"><strong>FORMULARIOS<\/strong><\/a> est\u00e1n disponibles los formularios solicitados para cada tr\u00e1mite.<\/p>\n<p>Para m\u00e1s informaci\u00f3n de car\u00e1cter general se encuentra activo <span style=\"text-decoration: underline;\">de lunes a viernes desde las 8 hasta las 12h<\/span> un <strong><a href=\"https:\/\/consbuenosaires.esteri.it\/es\/chi-siamo\/contatti\/servicio-de-call-center\/\">Call Center<\/a><\/strong>: <strong>0800-345-5623<\/strong>.<\/p>\n<p><a href=\"https:\/\/consbuenosaires.esteri.it\/it\/servizi-consolari-e-visti\/servizi-per-il-cittadino-italiano\/altri-servizi\/albo-consolare\/regolamento-generale-per-la-protezione-dei-dati-personali-rgpd-ue-679-2016\/\"><strong>Informaci\u00f3n acerca del Reglamento General sobre la Protecci\u00f3n de Datos (UE) 2016\/679<\/strong><\/a><\/p>\n<p><span style=\"text-decoration: underline;\"><strong>ATENCI\u00d3N: Se recomienda a los usuarios revisar siempre la secci\u00f3n \u00abspam\u00bb (o correo no deseado) de su casilla de correo electr\u00f3nico, para asegurarse de que no haya comunicaciones enviadas por el Consulado General.<\/strong><\/span><\/p>\n","protected":false},"excerpt":{"rendered":"Bienvenidos a la secci\u00f3n dedicada a los servicios consulares. Los invitamos a consultar con atenci\u00f3n el siguiente men\u00fa sobre los diversos procedimientos de cada tr\u00e1mite particular. Registro\/Fast It Estado Civil Pasaportes Ciudadan\u00eda y adopci\u00f3n Notarial Visas Pensiones Asistencia Estudios Carta de Identidad Electr\u00f3nica (CIE) Asimismo, en el Consulado General est\u00e1 activo un Departamento Escolar, que [&hellip;]","protected":false},"author":1,"featured_media":0,"parent":0,"menu_order":6,"comment_status":"closed","ping_status":"closed","template":"","meta":{"footnotes":""},"class_list":["post-166","page","type-page","status-publish","hentry"],"_links":{"self":[{"href":"https:\/\/consbuenosaires.esteri.it\/es\/wp-json\/wp\/v2\/pages\/166","targetHints":{"allow":["GET"]}}],"collection":[{"href":"https:\/\/consbuenosaires.esteri.it\/es\/wp-json\/wp\/v2\/pages"}],"about":[{"href":"https:\/\/consbuenosaires.esteri.it\/es\/wp-json\/wp\/v2\/types\/page"}],"author":[{"embeddable":true,"href":"https:\/\/consbuenosaires.esteri.it\/es\/wp-json\/wp\/v2\/users\/1"}],"replies":[{"embeddable":true,"href":"https:\/\/consbuenosaires.esteri.it\/es\/wp-json\/wp\/v2\/comments?post=166"}],"version-history":[{"count":7,"href":"https:\/\/consbuenosaires.esteri.it\/es\/wp-json\/wp\/v2\/pages\/166\/revisions"}],"predecessor-version":[{"id":10234,"href":"https:\/\/consbuenosaires.esteri.it\/es\/wp-json\/wp\/v2\/pages\/166\/revisions\/10234"}],"wp:attachment":[{"href":"https:\/\/consbuenosaires.esteri.it\/es\/wp-json\/wp\/v2\/media?parent=166"}],"curies":[{"name":"wp","href":"https:\/\/api.w.org\/{rel}","templated":true}]}}