{"id":1658,"date":"2023-05-31T17:43:53","date_gmt":"2023-05-31T15:43:53","guid":{"rendered":"https:\/\/consbuenosaires.esteri.it\/?page_id=1658"},"modified":"2023-09-19T17:26:49","modified_gmt":"2023-09-19T15:26:49","slug":"actas-notariales","status":"publish","type":"page","link":"https:\/\/consbuenosaires.esteri.it\/es\/servizi-consolari-e-visti\/servizi-per-il-cittadino-italiano\/servizi-notarili\/actas-notariales\/","title":{"rendered":"Actas notariales"},"content":{"rendered":"<p>Se trata de documentos <u>redactados en italiano<\/u> para los cuales se requiere el conocimiento del idioma y la presencia f\u00edsica del declarante, provisto de un documento de identidad, en las oficinas del Consulado General.<\/p>\n<p>Debido a la complejidad que conlleva la preparaci\u00f3n de la documentaci\u00f3n, se recomienda consultar antes con un abogado o escribano que recibir\u00e1 en Italia el documento firmado previamente en la Oficina Consular para obtener indicaciones generales sobre los posibles contenidos espec\u00edficos que el documento debe incluir y, si es necesario, solicitar un borrador del contenido.<\/p>\n<p><u>El d\u00eda del turno virtual, es necesario enviar por mail a <\/u><a href=\"mailto:notarile.buenosaires@esteri.it\">notarile.buenosaires@esteri.it<\/a><u> en formato word los contenidos relacionados con los documentos que se deben redactar a cargo de la Oficina Notarial<\/u>.<\/p>\n<p>Los datos que deben proporcionarse son los siguientes:<\/p>\n<ul>\n<li>mandante (quien otorga el mandato\/poder): apellido y nombre, lugar y fecha de nacimiento, lugar de residencia (ciudad, calle\/plaza, n\u00famero), c\u00f3digo fiscal italiano;<\/li>\n<li>mandatario (quien recibe el mandato\/poder): apellido y nombre, lugar y fecha de nacimiento, lugar de residencia (ciudad, calle\/plaza, n\u00famero), c\u00f3digo fiscal italiano;<\/li>\n<li>objeto del acta.<\/li>\n<\/ul>\n<p>&nbsp;<\/p>\n<p>Las actas notariales pueden tener como objeto:<\/p>\n<ul>\n<li><strong>poder general<\/strong> &#8211; (poder que debe utilizarse con extrema precauci\u00f3n debido a los amplios poderes que otorga al apoderado): mandante + mandatario + 2 testigos con documentos de identidad v\u00e1lidos;<\/li>\n<li><strong>poder especial<\/strong> &#8211; debe especificarse si se trata de:\n<ul>\n<li><u>litigios<\/u>: mandante + mandatario (si es un abogado, proporcionar tambi\u00e9n la direcci\u00f3n del estudio legal) + datos completos o detalles de la persona o empresa contra la cual se tomar\u00e1n acciones legales;<\/li>\n<li><u>compra o venta de bienes inmuebles<\/u>: mandante + mandatario + descripci\u00f3n del inmueble (ubicaci\u00f3n-composici\u00f3n) preferiblemente con detalles catastrales;<\/li>\n<li><u>compra o venta de veh\u00edculos\/motocicletas<\/u>: mandante + mandatario + descripci\u00f3n del veh\u00edculo\/motocicleta (marca, modelo, matr\u00edcula);<\/li>\n<li><u>compra\/venta\/disoluci\u00f3n de sociedades<\/u>: mandante + mandatario + descripci\u00f3n de la sociedad;<\/li>\n<li><u>procedimientos de sucesi\u00f3n y\/o actos de aceptaci\u00f3n\/renuncia de herencias<\/u>: mandante + mandatario + bien objeto de la herencia + datos completos del \u00abde cujus\u00bb (fallecido), incluyendo lugar y fecha de nacimiento y defunci\u00f3n, + 2 testigos con documentos de identidad v\u00e1lidos;<\/li>\n<li><span style=\"text-decoration: underline;\">donaci\u00f3n\/aceptaci\u00f3n de donaci\u00f3n<\/span>: mandante + mandatario + beneficiario de la donaci\u00f3n + descripci\u00f3n detallada de los bienes objeto de la donaci\u00f3n + 2 testigos con documentos de identidad v\u00e1lidos.<\/li>\n<\/ul>\n<\/li>\n<li><strong>autorizaci\u00f3n de viaje para menores <\/strong>&#8211; solo puede ser solicitada para menores de nacionalidad ITALIANA y NO residentes en Argentina. Si el menor es residente en el lugar y posee un DNI regular, la autorizaci\u00f3n debe ser solicitada ante un escribano argentino.<\/li>\n<li><strong>acta de consentimiento para la emisi\u00f3n del pasaporte o documento de identidad<\/strong> &#8211; con el fin de obtener el pasaporte para hijos menores residentes en otra circunscripci\u00f3n. Se deben proporcionar el nombre, apellido, lugar y fecha de nacimiento y domicilio del solicitante del pasaporte.<\/li>\n<\/ul>\n<p>&nbsp;<\/p>\n<p><strong><a href=\"https:\/\/www.esteri.it\/it\/servizi-consolari-e-visti\/italiani-all-estero\/attinotarili\/\">Mayor informaci\u00f3n<\/a> <\/strong><\/p>\n","protected":false},"excerpt":{"rendered":"Se trata de documentos redactados en italiano para los cuales se requiere el conocimiento del idioma y la presencia f\u00edsica del declarante, provisto de un documento de identidad, en las oficinas del Consulado General. Debido a la complejidad que conlleva la preparaci\u00f3n de la documentaci\u00f3n, se recomienda consultar antes con un abogado o escribano que [&hellip;]","protected":false},"author":5,"featured_media":0,"parent":205,"menu_order":0,"comment_status":"closed","ping_status":"closed","template":"","meta":{"footnotes":""},"class_list":["post-1658","page","type-page","status-publish","hentry"],"_links":{"self":[{"href":"https:\/\/consbuenosaires.esteri.it\/es\/wp-json\/wp\/v2\/pages\/1658","targetHints":{"allow":["GET"]}}],"collection":[{"href":"https:\/\/consbuenosaires.esteri.it\/es\/wp-json\/wp\/v2\/pages"}],"about":[{"href":"https:\/\/consbuenosaires.esteri.it\/es\/wp-json\/wp\/v2\/types\/page"}],"author":[{"embeddable":true,"href":"https:\/\/consbuenosaires.esteri.it\/es\/wp-json\/wp\/v2\/users\/5"}],"replies":[{"embeddable":true,"href":"https:\/\/consbuenosaires.esteri.it\/es\/wp-json\/wp\/v2\/comments?post=1658"}],"version-history":[{"count":1,"href":"https:\/\/consbuenosaires.esteri.it\/es\/wp-json\/wp\/v2\/pages\/1658\/revisions"}],"predecessor-version":[{"id":1982,"href":"https:\/\/consbuenosaires.esteri.it\/es\/wp-json\/wp\/v2\/pages\/1658\/revisions\/1982"}],"up":[{"embeddable":true,"href":"https:\/\/consbuenosaires.esteri.it\/es\/wp-json\/wp\/v2\/pages\/205"}],"wp:attachment":[{"href":"https:\/\/consbuenosaires.esteri.it\/es\/wp-json\/wp\/v2\/media?parent=1658"}],"curies":[{"name":"wp","href":"https:\/\/api.w.org\/{rel}","templated":true}]}}