{"id":1636,"date":"2023-05-30T16:17:46","date_gmt":"2023-05-30T14:17:46","guid":{"rendered":"https:\/\/consbuenosaires.esteri.it\/?page_id=1636"},"modified":"2024-07-03T20:38:00","modified_gmt":"2024-07-03T18:38:00","slug":"sentencias-de-adopcion-divorcio","status":"publish","type":"page","link":"https:\/\/consbuenosaires.esteri.it\/es\/servizi-consolari-e-visti\/servizi-per-il-cittadino-italiano\/stato-civile\/sentencias-de-adopcion-divorcio\/","title":{"rendered":"Sentencias de Adopci\u00f3n &#8211; Divorcio"},"content":{"rendered":"<p>Para el reconocimiento de una sentencia (adopci\u00f3n y divorcio), es necesario presentar la siguiente documentaci\u00f3n, a trav\u00e9s del portal <a href=\"https:\/\/serviziconsolari.esteri.it\/ScoFE\/index.sco\">Fast It<\/a> (servicio de Estado Civil) o al Corresponsal Consular competente.<\/p>\n<p><strong>La documentaci\u00f3n mencionada a continuaci\u00f3n <span style=\"text-decoration: underline;\">SIEMPRE <\/span>debe ir acompa\u00f1ada de<\/strong>:<\/p>\n<ol>\n<li>formulario de <strong><a href=\"https:\/\/consbuenosaires.esteri.it\/wp-content\/uploads\/2023\/05\/Istanza-sentenza-adozione-minore.pdf\">solicitud de adopci\u00f3n<\/a><\/strong>\/<strong><a href=\"https:\/\/consbuenosaires.esteri.it\/wp-content\/uploads\/2023\/05\/Istanza-sentenza-divorzio.pdf\">solicitud de divorcio<\/a> <\/strong>correctamente completado y firmado (en caso de desconocer el Municipio de referencia en Italia, es posible dejar el campo en blanco);<\/li>\n<li><strong><a href=\"https:\/\/consbuenosaires.esteri.it\/wp-content\/uploads\/2023\/06\/Dichiarazione-sostitutiva-per-laccesso-ai-servizi-consolari-1.pdf\">autocertificaci\u00f3n<\/a><\/strong> correctamente completada y firmada.<\/li>\n<li>copia del frente y dorso de los DNI de todos los miembros del n\u00facleo familiar (donde conste la misma direcci\u00f3n);<\/li>\n<li>documentaci\u00f3n que certifique la residencia dentro de la Circunscripci\u00f3n consular de Buenos Aires (boletas de servicios p\u00fablicos como electricidad, gas, tel\u00e9fono fijo, internet, televisi\u00f3n por cable o contrato de alquiler registrada en AFIP).<\/li>\n<\/ol>\n<p>&nbsp;<\/p>\n<p><strong>Sentencia de adopci\u00f3n<\/strong><\/p>\n<ul>\n<li>acta de nacimiento que incluya el nombre de los padres adoptivos (obligatorio) y de los padres biol\u00f3gicos (opcional).<\/li>\n<li>copia certificada de la sentencia completa (debe incluir: \u00abAUTOS\u00bb; \u00abVISTOS\u00bb; \u00abCONSIDERANDO\u00bb; \u00abFALLO\u00bb. <span style=\"text-decoration: underline;\">No es suficiente presentar solo el \u00abTESTIMONIO\u00bb<\/span>).<\/li>\n<li>la sentencia debe especificar el estado de abandono del menor o la autorizaci\u00f3n del o de los padres biol\u00f3gicos para la adopci\u00f3n.<\/li>\n<li>en la sentencia (o en una declaraci\u00f3n adicional del Tribunal) debe especificarse que se trata de una sentencia firme (en espa\u00f1ol: \u00abFIRME\u00bb, \u00abCONSENTIDA\u00bb, \u00abEJECUTORADA\u00bb o que tiene car\u00e1cter de \u00abCOSA JUZGADA\u00bb, es decir, debe indicar la fecha en que la sentencia es definitiva);<\/li>\n<li>toda la documentaci\u00f3n debe ser legalizada por el Tribunal competente, por la \u00abC\u00e1mara Nacional de Apelaciones del Departamento Judicial\u00bb competente y por el Ministerio de Relaciones Exteriores Argentino o el Colegio de Escribanos, con la apostilla de La Haya en formato digital y su traducci\u00f3n integral al italiano.<\/li>\n<li>documentaci\u00f3n que demuestre la residencia de al menos dos a\u00f1os previos a la adopci\u00f3n de los padres adoptantes (se recomienda solicitar el \u00abcertificado de movimientos migratorios\u00bb a la autoridad local \u00abMigraciones\u00bb).<\/li>\n<\/ul>\n<p>&nbsp;<\/p>\n<p><strong>Sentencia de divorcio<\/strong><\/p>\n<ul>\n<li>copia certificada de la sentencia completa (debe incluir: \u00abAUTOS\u00bb; \u00abVISTOS\u00bb; \u00abCONSIDERANDO\u00bb; \u00abFALLO\u00bb. <span style=\"text-decoration: underline;\">No es suficiente presentar solo el \u00abTESTIMONIO\u00bb<\/span>).<\/li>\n<li>en caso de corresponder, sentencia de separaci\u00f3n legal seg\u00fan el art\u00edculo 67\/bis;<\/li>\n<li>en caso de presencia de hijos menores, la sentencia debe especificar el r\u00e9gimen de custodia de los mismos;<\/li>\n<li>en la sentencia (o en una declaraci\u00f3n adicional del Tribunal) debe especificarse que se trata de una sentencia firme (en espa\u00f1ol: \u00abFIRME\u00bb, \u00abCONSENTIDA\u00bb, \u00abEJECUTORADA\u00bb o que tiene car\u00e1cter de \u00abCOSA JUZGADA\u00bb, es decir, debe indicar la fecha en que la sentencia es definitiva);<\/li>\n<li>toda la documentaci\u00f3n debe ser legalizada por el Tribunal competente, por la \u00abC\u00e1mara Nacional de Apelaciones del Departamento Judicial\u00bb competente y por el Ministerio de Relaciones Exteriores Argentino o el Colegio de Escribanos, con la apostilla de La Haya en formato digital y su traducci\u00f3n integral al italiano.<\/li>\n<\/ul>\n","protected":false},"excerpt":{"rendered":"Para el reconocimiento de una sentencia (adopci\u00f3n y divorcio), es necesario presentar la siguiente documentaci\u00f3n, a trav\u00e9s del portal Fast It (servicio de Estado Civil) o al Corresponsal Consular competente. La documentaci\u00f3n mencionada a continuaci\u00f3n SIEMPRE debe ir acompa\u00f1ada de: formulario de solicitud de adopci\u00f3n\/solicitud de divorcio correctamente completado y firmado (en caso de desconocer [&hellip;]","protected":false},"author":5,"featured_media":0,"parent":202,"menu_order":0,"comment_status":"closed","ping_status":"closed","template":"","meta":{"footnotes":""},"class_list":["post-1636","page","type-page","status-publish","hentry"],"_links":{"self":[{"href":"https:\/\/consbuenosaires.esteri.it\/es\/wp-json\/wp\/v2\/pages\/1636","targetHints":{"allow":["GET"]}}],"collection":[{"href":"https:\/\/consbuenosaires.esteri.it\/es\/wp-json\/wp\/v2\/pages"}],"about":[{"href":"https:\/\/consbuenosaires.esteri.it\/es\/wp-json\/wp\/v2\/types\/page"}],"author":[{"embeddable":true,"href":"https:\/\/consbuenosaires.esteri.it\/es\/wp-json\/wp\/v2\/users\/5"}],"replies":[{"embeddable":true,"href":"https:\/\/consbuenosaires.esteri.it\/es\/wp-json\/wp\/v2\/comments?post=1636"}],"version-history":[{"count":4,"href":"https:\/\/consbuenosaires.esteri.it\/es\/wp-json\/wp\/v2\/pages\/1636\/revisions"}],"predecessor-version":[{"id":4590,"href":"https:\/\/consbuenosaires.esteri.it\/es\/wp-json\/wp\/v2\/pages\/1636\/revisions\/4590"}],"up":[{"embeddable":true,"href":"https:\/\/consbuenosaires.esteri.it\/es\/wp-json\/wp\/v2\/pages\/202"}],"wp:attachment":[{"href":"https:\/\/consbuenosaires.esteri.it\/es\/wp-json\/wp\/v2\/media?parent=1636"}],"curies":[{"name":"wp","href":"https:\/\/api.w.org\/{rel}","templated":true}]}}