{"id":1632,"date":"2023-05-24T17:40:41","date_gmt":"2023-05-24T15:40:41","guid":{"rendered":"https:\/\/consbuenosaires.esteri.it\/?page_id=1632"},"modified":"2024-07-03T21:01:09","modified_gmt":"2024-07-03T19:01:09","slug":"comunicacion-de-variacion-de-domicilio","status":"publish","type":"page","link":"https:\/\/consbuenosaires.esteri.it\/es\/servizi-consolari-e-visti\/servizi-per-il-cittadino-italiano\/anagrafe-degli-italiani-residenti-allestero-aire\/comunicacion-de-variacion-de-domicilio\/","title":{"rendered":"Comunicaci\u00f3n de variaci\u00f3n de domicilio"},"content":{"rendered":"<p>Los <u>ciudadanos italianos residentes e inscriptos en el AIRE de este Consulado General<\/u> <u>deben informar cualquier variaci\u00f3n en su residencia<\/u> ya sea dentro o fuera de la circunscripci\u00f3n (en este \u00faltimo caso, la solicitud ser\u00e1 redirigida a la nueva sede competente).<\/p>\n<p>Para <strong>solicitar el<\/strong> <strong>cambio de domicilio<\/strong> a trav\u00e9s del <strong>portale <\/strong><a href=\"https:\/\/serviziconsolari.esteri.it\/ScoFE\/index.sco\"><strong>Fast It<\/strong><\/a>, es necesario escanear y adjuntar 3 archivos en formato PDF:<\/p>\n<ol>\n<li><strong><a href=\"https:\/\/consbuenosaires.esteri.it\/wp-content\/uploads\/2024\/03\/Modulo-richiesta-cambio-domicilio.pdf\">formulario firmado<\/a><\/strong>;<\/li>\n<li>frente y el dorso del D.N.I. vigente de todos los miembros declarados como convivientes en el mismo domicilio;<\/li>\n<li>documentaci\u00f3n que certifique la residencia dentro de la Circunscripci\u00f3n consular (boletas de servicios p\u00fablicos como electricidad, gas, tel\u00e9fono fijo, internet, televisi\u00f3n por cable o contrato de alquiler registrado en AFIP). Puede estar a nombre del solicitante o de un familiar declarado como conviviente en el formulario siempre y cuando coincida el domicilio en sus DNIs.<\/li>\n<\/ol>\n<p>Toda actualizaci\u00f3n del tr\u00e1mite se notificar\u00e1 por correo electr\u00f3nico una vez que el mismo sea procesado por el Consulado General. Tambi\u00e9n se podr\u00e1n verificar las actualizaciones en la secci\u00f3n \u00ab\u00faltimas comunicaciones con el Consulado\u00bb a trav\u00e9s del portal <a href=\"https:\/\/serviziconsolari.esteri.it\/ScoFE\/index.sco\"><strong>Fast It<\/strong><\/a>.<\/p>\n<p>El tiempo m\u00e1ximo de procesamiento ser\u00e1 de 60 d\u00edas a partir de la fecha de presentaci\u00f3n de la documentaci\u00f3n.<\/p>\n<p>El tr\u00e1mite se considerar\u00e1 finalizado cuando indique: \u00ab<strong>Definido<\/strong>\u00ab.<\/p>\n","protected":false},"excerpt":{"rendered":"Los ciudadanos italianos residentes e inscriptos en el AIRE de este Consulado General deben informar cualquier variaci\u00f3n en su residencia ya sea dentro o fuera de la circunscripci\u00f3n (en este \u00faltimo caso, la solicitud ser\u00e1 redirigida a la nueva sede competente). Para solicitar el cambio de domicilio a trav\u00e9s del portale Fast It, es necesario [&hellip;]","protected":false},"author":5,"featured_media":0,"parent":201,"menu_order":0,"comment_status":"closed","ping_status":"closed","template":"","meta":{"footnotes":""},"class_list":["post-1632","page","type-page","status-publish","hentry"],"_links":{"self":[{"href":"https:\/\/consbuenosaires.esteri.it\/es\/wp-json\/wp\/v2\/pages\/1632","targetHints":{"allow":["GET"]}}],"collection":[{"href":"https:\/\/consbuenosaires.esteri.it\/es\/wp-json\/wp\/v2\/pages"}],"about":[{"href":"https:\/\/consbuenosaires.esteri.it\/es\/wp-json\/wp\/v2\/types\/page"}],"author":[{"embeddable":true,"href":"https:\/\/consbuenosaires.esteri.it\/es\/wp-json\/wp\/v2\/users\/5"}],"replies":[{"embeddable":true,"href":"https:\/\/consbuenosaires.esteri.it\/es\/wp-json\/wp\/v2\/comments?post=1632"}],"version-history":[{"count":4,"href":"https:\/\/consbuenosaires.esteri.it\/es\/wp-json\/wp\/v2\/pages\/1632\/revisions"}],"predecessor-version":[{"id":4607,"href":"https:\/\/consbuenosaires.esteri.it\/es\/wp-json\/wp\/v2\/pages\/1632\/revisions\/4607"}],"up":[{"embeddable":true,"href":"https:\/\/consbuenosaires.esteri.it\/es\/wp-json\/wp\/v2\/pages\/201"}],"wp:attachment":[{"href":"https:\/\/consbuenosaires.esteri.it\/es\/wp-json\/wp\/v2\/media?parent=1632"}],"curies":[{"name":"wp","href":"https:\/\/api.w.org\/{rel}","templated":true}]}}