{"id":1630,"date":"2023-05-24T17:40:35","date_gmt":"2023-05-24T15:40:35","guid":{"rendered":"https:\/\/consbuenosaires.esteri.it\/?page_id=1630"},"modified":"2024-07-03T21:01:01","modified_gmt":"2024-07-03T19:01:01","slug":"visualizacion-de-ficha-de-datos-personales","status":"publish","type":"page","link":"https:\/\/consbuenosaires.esteri.it\/es\/servizi-consolari-e-visti\/servizi-per-il-cittadino-italiano\/anagrafe-degli-italiani-residenti-allestero-aire\/visualizacion-de-ficha-de-datos-personales\/","title":{"rendered":"Visualizaci\u00f3n de ficha de datos personales"},"content":{"rendered":"<p>El servicio <u>permite a aquellos que hayan recibido la confirmaci\u00f3n de su ciudadan\u00eda italiana ver sus datos en el registro consular<\/u>.<\/p>\n<p>Si se ha creado una <u>cuenta con datos incorrectos o incompletos, no ser\u00e1 posible visualizar la ficha <\/u>y el portal indicar\u00e1 que se solicite la inscripci\u00f3n en el AIRE. En estos casos, <u>es necesario eliminar la cuenta y crear una nueva con los datos correctos<\/u>.<\/p>\n<p>Para <strong>solicitar la visualizaci\u00f3n de su ficha personal<\/strong> a trav\u00e9s del portal <a href=\"https:\/\/serviziconsolari.esteri.it\/ScoFE\/index.sco\"><strong>Fast It<\/strong><\/a>, es necesario escanear y adjuntar en un \u00fanico archivo en formato PDF:<\/p>\n<ol>\n<li>el frente y el dorso del D.N.I. vigente;<\/li>\n<li>o el pasaporte italiano v\u00e1lido (donde resulten los datos personales y la foto).<\/li>\n<\/ol>\n<p>Toda actualizaci\u00f3n del tr\u00e1mite se notificar\u00e1 por correo electr\u00f3nico una vez que el mismo sea procesado por el Consulado General. Tambi\u00e9n se podr\u00e1n verificar las actualizaciones en la secci\u00f3n \u00ab\u00faltimas comunicaciones con el Consulado\u00bb a trav\u00e9s del portal <a href=\"https:\/\/serviziconsolari.esteri.it\/ScoFE\/index.sco\"><strong>Fast It<\/strong><\/a>.<\/p>\n<p>El tr\u00e1mite se considerar\u00e1 finalizado cuando indique: \u00ab<strong>Definido<\/strong>\u00ab.<\/p>\n","protected":false},"excerpt":{"rendered":"El servicio permite a aquellos que hayan recibido la confirmaci\u00f3n de su ciudadan\u00eda italiana ver sus datos en el registro consular. Si se ha creado una cuenta con datos incorrectos o incompletos, no ser\u00e1 posible visualizar la ficha y el portal indicar\u00e1 que se solicite la inscripci\u00f3n en el AIRE. En estos casos, es necesario [&hellip;]","protected":false},"author":5,"featured_media":0,"parent":201,"menu_order":0,"comment_status":"closed","ping_status":"closed","template":"","meta":{"footnotes":""},"class_list":["post-1630","page","type-page","status-publish","hentry"],"_links":{"self":[{"href":"https:\/\/consbuenosaires.esteri.it\/es\/wp-json\/wp\/v2\/pages\/1630","targetHints":{"allow":["GET"]}}],"collection":[{"href":"https:\/\/consbuenosaires.esteri.it\/es\/wp-json\/wp\/v2\/pages"}],"about":[{"href":"https:\/\/consbuenosaires.esteri.it\/es\/wp-json\/wp\/v2\/types\/page"}],"author":[{"embeddable":true,"href":"https:\/\/consbuenosaires.esteri.it\/es\/wp-json\/wp\/v2\/users\/5"}],"replies":[{"embeddable":true,"href":"https:\/\/consbuenosaires.esteri.it\/es\/wp-json\/wp\/v2\/comments?post=1630"}],"version-history":[{"count":3,"href":"https:\/\/consbuenosaires.esteri.it\/es\/wp-json\/wp\/v2\/pages\/1630\/revisions"}],"predecessor-version":[{"id":4604,"href":"https:\/\/consbuenosaires.esteri.it\/es\/wp-json\/wp\/v2\/pages\/1630\/revisions\/4604"}],"up":[{"embeddable":true,"href":"https:\/\/consbuenosaires.esteri.it\/es\/wp-json\/wp\/v2\/pages\/201"}],"wp:attachment":[{"href":"https:\/\/consbuenosaires.esteri.it\/es\/wp-json\/wp\/v2\/media?parent=1630"}],"curies":[{"name":"wp","href":"https:\/\/api.w.org\/{rel}","templated":true}]}}