{"id":1627,"date":"2023-05-24T17:40:26","date_gmt":"2023-05-24T15:40:26","guid":{"rendered":"https:\/\/consbuenosaires.esteri.it\/?page_id=1627"},"modified":"2024-07-03T21:07:34","modified_gmt":"2024-07-03T19:07:34","slug":"solicitud-de-inscripcion-a-i-r-e","status":"publish","type":"page","link":"https:\/\/consbuenosaires.esteri.it\/es\/servizi-consolari-e-visti\/servizi-per-il-cittadino-italiano\/anagrafe-degli-italiani-residenti-allestero-aire\/solicitud-de-inscripcion-a-i-r-e\/","title":{"rendered":"Solicitud de inscripci\u00f3n A.I.R.E."},"content":{"rendered":"<p><strong>Deben inscribirse en el A.I.R.E. los ciudadanos italianos:<\/strong><\/p>\n<ul>\n<li>que establezcan su residencia en la Circunscripci\u00f3n consular de este Consulado General <span style=\"text-decoration: underline;\">provenientes de la Circunscripci\u00f3n de otro Consulado Italiano en el mundo o de Italia por un per\u00edodo superior a 12 meses<\/span>;<\/li>\n<li>ya residentes dentro de la Circunscripci\u00f3n consular de este Consulado General y cuya inscripci\u00f3n en el A.I.R.E. en este Consulado General haya sido <span style=\"text-decoration: underline;\">cancelada<\/span>.<\/li>\n<\/ul>\n<p>&nbsp;<\/p>\n<p>Para <strong>solicitar la<\/strong> <strong>inscripci\u00f3n en el AIRE<\/strong> a trav\u00e9s del portal <strong><a href=\"https:\/\/serviziconsolari.esteri.it\/ScoFE\/index.sco\">Fast It<\/a><\/strong>, es necesario escanear y adjuntar 3 archivos en formato PDF:<\/p>\n<ol>\n<li><strong><a href=\"https:\/\/consbuenosaires.esteri.it\/wp-content\/uploads\/2023\/05\/Modulo-Richiesta-iscrizione-AIRE.pdf\">formulario completado<\/a><\/strong> y firmado (por ambos padres en presencia de hijos menores);<\/li>\n<li>frente y el dorso del D.N.I. vigente de todos los miembros del n\u00facleo familiar declarados como convivientes en el mismo domicilio;<\/li>\n<li>documentaci\u00f3n que certifique la residencia dentro de la Circunscripci\u00f3n consular de Buenos Aires (boletas de servicios p\u00fablicos como electricidad, gas, tel\u00e9fono fijo, internet, televisi\u00f3n por cable o contrato de alquiler registrado en AFIP). Puede estar a nombre del solicitante o de un familiar declarado como conviviente en el formulario siempre y cuando coincida el domicilio en sus DNIs.<\/li>\n<\/ol>\n<p><span style=\"text-decoration: underline;\">Otros requisitos necesarios para casos particulares son<\/span>:<\/p>\n<ol>\n<li>quienes fueron reconocidos como ciudadanos italianos por v\u00eda materna mediante un Tribunal italiano, adem\u00e1s de la documentaci\u00f3n mencionada anteriormente, deber\u00e1n adjuntar la sentencia de reconocimiento y las transcripciones de las actas en el Municipio italiano correspondiente;<\/li>\n<li>para los ciudadanos italianos nacidos en Italia que se inscriben por primera vez en el AIRE, ser\u00e1 necesario presentar: <em>el acta de nacimiento italiano, el Certificado de la C\u00e1mara Nacional Electoral argentina (para quienes antes del 16 de agosto de 1992 hubieran alcanzado la mayor\u00eda de edad, es decir, 18 a\u00f1os) y el Certificado de Existencia en Vida emitido por RENAPER en los \u00faltimos 3 meses sin certificado m\u00e9dico<\/em><em> (solo ciudadanos mayores de 65 a\u00f1os);<\/em><\/li>\n<li>aquellos que hayan realizado el procedimiento de reconocimiento directamente en un Municipio italiano deber\u00e1n adjuntar: <em>certificado de ciudadan\u00eda; transcripci\u00f3n de su propia acta de nacimiento italiana; certificado hist\u00f3rico de residencia; credencial de identidad italiana y\/o pasaporte italiano<\/em>.<\/li>\n<\/ol>\n<p>&nbsp;<\/p>\n<p>Toda actualizaci\u00f3n del tr\u00e1mite se notificar\u00e1 por correo electr\u00f3nico una vez que el mismo sea procesado por el Consulado General. Tambi\u00e9n se podr\u00e1n verificar las actualizaciones en la secci\u00f3n \u00ab\u00faltimas comunicaciones con el Consulado\u00bb a trav\u00e9s del portal <a href=\"https:\/\/serviziconsolari.esteri.it\/ScoFE\/index.sco\"><strong>Fast It<\/strong><\/a>.<\/p>\n<p>El tiempo m\u00e1ximo de procesamiento ser\u00e1 de 180 d\u00edas a partir de la fecha de presentaci\u00f3n de la documentaci\u00f3n.<\/p>\n<p>El tr\u00e1mite se considerar\u00e1 finalizado cuando indique: \u00ab<strong>Transmitido al Municipio<\/strong>\u00ab.<\/p>\n","protected":false},"excerpt":{"rendered":"Deben inscribirse en el A.I.R.E. los ciudadanos italianos: que establezcan su residencia en la Circunscripci\u00f3n consular de este Consulado General provenientes de la Circunscripci\u00f3n de otro Consulado Italiano en el mundo o de Italia por un per\u00edodo superior a 12 meses; ya residentes dentro de la Circunscripci\u00f3n consular de este Consulado General y cuya inscripci\u00f3n [&hellip;]","protected":false},"author":5,"featured_media":0,"parent":201,"menu_order":0,"comment_status":"closed","ping_status":"closed","template":"","meta":{"footnotes":""},"class_list":["post-1627","page","type-page","status-publish","hentry"],"_links":{"self":[{"href":"https:\/\/consbuenosaires.esteri.it\/es\/wp-json\/wp\/v2\/pages\/1627","targetHints":{"allow":["GET"]}}],"collection":[{"href":"https:\/\/consbuenosaires.esteri.it\/es\/wp-json\/wp\/v2\/pages"}],"about":[{"href":"https:\/\/consbuenosaires.esteri.it\/es\/wp-json\/wp\/v2\/types\/page"}],"author":[{"embeddable":true,"href":"https:\/\/consbuenosaires.esteri.it\/es\/wp-json\/wp\/v2\/users\/5"}],"replies":[{"embeddable":true,"href":"https:\/\/consbuenosaires.esteri.it\/es\/wp-json\/wp\/v2\/comments?post=1627"}],"version-history":[{"count":5,"href":"https:\/\/consbuenosaires.esteri.it\/es\/wp-json\/wp\/v2\/pages\/1627\/revisions"}],"predecessor-version":[{"id":4614,"href":"https:\/\/consbuenosaires.esteri.it\/es\/wp-json\/wp\/v2\/pages\/1627\/revisions\/4614"}],"up":[{"embeddable":true,"href":"https:\/\/consbuenosaires.esteri.it\/es\/wp-json\/wp\/v2\/pages\/201"}],"wp:attachment":[{"href":"https:\/\/consbuenosaires.esteri.it\/es\/wp-json\/wp\/v2\/media?parent=1627"}],"curies":[{"name":"wp","href":"https:\/\/api.w.org\/{rel}","templated":true}]}}