{"id":1623,"date":"2023-06-01T17:34:10","date_gmt":"2023-06-01T20:34:10","guid":{"rendered":"https:\/\/consbuenosaires.esteri.it\/?page_id=1623"},"modified":"2026-03-30T10:39:04","modified_gmt":"2026-03-30T13:39:04","slug":"los-patronatos","status":"publish","type":"page","link":"https:\/\/consbuenosaires.esteri.it\/es\/servizi-consolari-e-visti\/servizi-per-il-cittadino-italiano\/pensioni-e-sicurezza-sociale\/los-patronatos\/","title":{"rendered":"Los patronatos"},"content":{"rendered":"<div class=\"flex flex-grow flex-col gap-3\">\n<div class=\"min-h-[20px] flex items-start overflow-x-auto whitespace-pre-wrap break-words flex-col gap-4\">\n<div class=\"markdown prose w-full break-words dark:prose-invert light\">\n<p>Los Patronatos son organismos de asistencia gratuita para los conciudadanos residentes en el extranjero y dependen de las sedes centrales en Italia. Por lo general, estas oficinas reciben, a trav\u00e9s de las sedes centrales, contribuciones financieras que provienen en parte del Ministerio de Trabajo y Pol\u00edticas Sociales y del Ministerio de Asuntos Exteriores y Cooperaci\u00f3n Internacional.<\/p>\n<p>En Buenos Aires existen seis Patronatos que colaboran con este Consulado General principalmente en lo que respecta a los tr\u00e1mites de ciudadan\u00eda y pensiones. Est\u00e1n autorizados para gestionar los tr\u00e1mites de pensiones bajo un convenio internacional con la Rep\u00fablica Argentina. Adem\u00e1s de la sede central, los Patronatos cuentan con numerosas oficinas dispersas en todo el Gran Buenos Aires. Por lo tanto, le sugerimos que se ponga en contacto con ellos por tel\u00e9fono para verificar cu\u00e1l es la oficina m\u00e1s cercana a su domicilio.<\/p>\n<p>&nbsp;<\/p>\n<\/div>\n<div class=\"flex flex-grow flex-col gap-3\">\n<div class=\"min-h-[20px] flex items-start overflow-x-auto whitespace-pre-wrap break-words flex-col gap-4\">\n<div class=\"markdown prose w-full break-words dark:prose-invert light\">\n<p><strong>Los Patronatos en Italia:<\/strong><\/p>\n<ul>\n<li><strong><a href=\"http:\/\/www.acli.it\/\">Acli<\/a><\/strong><\/li>\n<li><strong><a href=\"http:\/\/www.enasco.it\/\">50&amp;Pi\u00f9 Enasco<\/a><\/strong><\/li>\n<li><strong><a href=\"https:\/\/www.epas.org.ar\/\">EPAS<\/a><\/strong><\/li>\n<li><strong><a href=\"http:\/\/www.ugl.it\/\">Enas-Ugl<\/a><\/strong><\/li>\n<li><strong><a href=\"https:\/\/www.inapa.it\/\">INAPA-Confartigianato<\/a><\/strong><\/li>\n<li><strong><a href=\"http:\/\/www.inas.it\/\">Inas-Cisl<\/a><\/strong><\/li>\n<li><strong><a href=\"http:\/\/www.inca.it\/\">Inca-Cgil<\/a><\/strong><\/li>\n<li><strong><a href=\"https:\/\/www.italuil.it\/\">Ital-Uil<\/a><\/strong><\/li>\n<li><a title=\"Vai al sito web della Sias\" href=\"https:\/\/www.mcl.it\/Sistema-MCL\/Patronato-SiaS\" target=\"_blank\" rel=\"noopener\"><strong>Sias<\/strong><\/a><\/li>\n<\/ul>\n<p>&nbsp;<\/p>\n<p><a href=\"https:\/\/consbuenosaires.esteri.it\/wp-content\/uploads\/2026\/03\/PATRONATI-ELENCO-AGGIORNATO-27-03-2026.pdf\"><strong>Los Patronatos en Argentina<\/strong><\/a><\/p>\n<p>(\u00daltima actualizaci\u00f3n 27\/3\/2026)<\/p>\n<p>*La lista se encuentra actualmente en proceso de actualizaci\u00f3n y tiene un valor meramente indicativo. La operatividad de las oficinas, los contactos y las responsabilidades sociales, as\u00ed como los nombres de los funcionarios en servicio, podr\u00edan no estar actualizados.<\/p>\n<\/div>\n<\/div>\n<\/div>\n<\/div>\n<\/div>\n","protected":false},"excerpt":{"rendered":"Los Patronatos son organismos de asistencia gratuita para los conciudadanos residentes en el extranjero y dependen de las sedes centrales en Italia. Por lo general, estas oficinas reciben, a trav\u00e9s de las sedes centrales, contribuciones financieras que provienen en parte del Ministerio de Trabajo y Pol\u00edticas Sociales y del Ministerio de Asuntos Exteriores y Cooperaci\u00f3n [&hellip;]","protected":false},"author":5,"featured_media":0,"parent":209,"menu_order":0,"comment_status":"closed","ping_status":"closed","template":"","meta":{"footnotes":""},"class_list":["post-1623","page","type-page","status-publish","hentry"],"_links":{"self":[{"href":"https:\/\/consbuenosaires.esteri.it\/es\/wp-json\/wp\/v2\/pages\/1623","targetHints":{"allow":["GET"]}}],"collection":[{"href":"https:\/\/consbuenosaires.esteri.it\/es\/wp-json\/wp\/v2\/pages"}],"about":[{"href":"https:\/\/consbuenosaires.esteri.it\/es\/wp-json\/wp\/v2\/types\/page"}],"author":[{"embeddable":true,"href":"https:\/\/consbuenosaires.esteri.it\/es\/wp-json\/wp\/v2\/users\/5"}],"replies":[{"embeddable":true,"href":"https:\/\/consbuenosaires.esteri.it\/es\/wp-json\/wp\/v2\/comments?post=1623"}],"version-history":[{"count":3,"href":"https:\/\/consbuenosaires.esteri.it\/es\/wp-json\/wp\/v2\/pages\/1623\/revisions"}],"predecessor-version":[{"id":10731,"href":"https:\/\/consbuenosaires.esteri.it\/es\/wp-json\/wp\/v2\/pages\/1623\/revisions\/10731"}],"up":[{"embeddable":true,"href":"https:\/\/consbuenosaires.esteri.it\/es\/wp-json\/wp\/v2\/pages\/209"}],"wp:attachment":[{"href":"https:\/\/consbuenosaires.esteri.it\/es\/wp-json\/wp\/v2\/media?parent=1623"}],"curies":[{"name":"wp","href":"https:\/\/api.w.org\/{rel}","templated":true}]}}