{"id":156,"date":"2023-04-03T19:16:29","date_gmt":"2023-04-03T22:16:29","guid":{"rendered":"https:\/\/consbuenosaires.esteri.it\/chi-siamo\/la-rete-consolare\/"},"modified":"2025-03-18T18:15:48","modified_gmt":"2025-03-18T17:15:48","slug":"la-rete-consolare","status":"publish","type":"page","link":"https:\/\/consbuenosaires.esteri.it\/es\/chi-siamo\/la-rete-consolare\/","title":{"rendered":"La Red Consular"},"content":{"rendered":"<p>La Circunscripci\u00f3n Consular del Consulado General en Buenos Aires se extiende en el entero territorio de la\u00a0\u00a0Ciudad Aut\u00f3noma de\u00a0Buenos Aires\u00a0y los partidos de la Provincia de Buenos Aires\u00a0de\u00a0Avellaneda, Baradero, Campana, Escobar, Exaltaci\u00f3n de la Cruz, General Rodr\u00edguez, General San Mart\u00edn, Luj\u00e1n, Marcos Paz, Merlo, Moreno, Pilar, Jos\u00e9 C. Paz, Malvinas Argentinas, San Andr\u00e9s de Giles, San Antonio de Areco, San Fernando, San Isidro, San Miguel, San Pedro, Tigre,\u00a0Tres de Febrero, Vicente L\u00f3pez, Z\u00e1rate.<\/p>\n<p>&nbsp;<\/p>\n<p>En el \u00e1rea de Buenos Aires operan, adem\u00e1s, dos Agencias Consulares de primera categor\u00eda:<\/p>\n<p>&nbsp;<\/p>\n<p><strong><a title=\"Agencia consular Lomas de zamora\" href=\"https:\/\/conslomasdezamora.esteri.it\/consolato_lomasdezamora\/es\" target=\"_blank\" rel=\"noopener\">AGENCIA CONSULAR\u00a0DE I\u00ba CATEGORIA &#8211; LOMAS DE ZAMORA<\/a><br \/>\n<\/strong><strong>Circunscripc\u00f3n:<\/strong> las entidades administrativas (Partidos)\u00a0de Almirante Brown, Esteban Echeverr\u00eda, Ezeiza, Lan\u00fas, Lomas de Zamora, San Vicente\u00a0y\u00a0Presidente Per\u00f3n.<\/p>\n<p>&nbsp;<\/p>\n<p><strong><a title=\"Agencia Consular de Moron\" href=\"https:\/\/consmoron.esteri.it\/consolato_moron\/es\" target=\"_blank\" rel=\"noopener\">AGENCIA CONSULAR\u00a0DE I\u00ba CATEGORIA &#8211; MOR\u00d3N<\/a><\/strong><br \/>\n<strong>Circunscripci\u00f3n:<\/strong>\u00a0las entidades administrativas (Partidos) de\u00a0Hurlingham, Ituzaing\u00f3, La Matanza\u00a0y\u00a0Mor\u00f3n.<\/p>\n<p>&nbsp;<\/p>\n<p>As\u00ed como tambi\u00e9n, en la misma circunscripci\u00f3n consular de Buenos Aires, un Vice Consulado Honorario y tres Corresponsales Consulares:<\/p>\n<p>&nbsp;<\/p>\n<h3><span style=\"text-decoration: underline;\"><strong>Vice Consulado Honorario SAN ISIDRO <\/strong><\/span><\/h3>\n<p><strong>\u00a0<\/strong><strong>Circunscripci\u00f3n:<\/strong>\u00a0las entidades administrativas (\u201cPartidos\u201d) de\u00a0San Isidro, San Fernando, Tigre\u00a0y la secci\u00f3n 1\u00ba, 2\u00ba\u00a0y 3\u00ba de las islas del Delta del Paran\u00e1.<\/p>\n<p><strong>Direcci\u00f3n:<\/strong>\u00a0<strong>Primera Junta 675, San Isidro <\/strong><\/p>\n<p><strong>Tel\u00e9fono:<\/strong>\u00a0<strong>11 48735617<\/strong><\/p>\n<p><strong>Atenci\u00f3n al p\u00fablico:<\/strong>\u00a0martes y jueves de 8:30 a 12:30 horas.<\/p>\n<p><a href=\"https:\/\/consbuenosaires.esteri.it\/wp-content\/uploads\/2025\/03\/Decreto-nomina-Ministero-2023_5064989231228-ESTRATTO_DLF-00000002.pdf\">Consulta el Decreto di Limitazione Funzioni del Vice Console Onorario di San Isidro<\/a> (allegare decreto)<\/p>\n<p>En esta primera fase de operaciones renovadas, ofrece los servicios de:<\/p>\n<ul>\n<li>emisi\u00f3n de pasaportes;<\/li>\n<li>actualizaci\u00f3n del estado civil;<\/li>\n<li>inscripci\u00f3n y\/o actualizaci\u00f3n en el Registro de italianos residentes en el extranjero (A.I.R.E.).<\/li>\n<\/ul>\n<p>&nbsp;<\/p>\n<h3><span style=\"text-decoration: underline;\"><strong>Corresponsal Consular en\u00a0TRES DE FEBRERO<\/strong><\/span><\/h3>\n<p><strong>Circunscripci\u00f3n:\u00a0<\/strong>las entidades administrativas (Partidos) de Tres de Febrero,\u00a0San Martin, San Miguel,\u00a0Jos\u00e9 C. Paz\u00a0y Malvinas Argentinas<br \/>\n<strong>Direcci\u00f3n:\u00a0<\/strong>Campo de Mayo 6226, Villa Bosch<br \/>\n<strong>Tel\u00e9fono:<\/strong> 1150050331<\/p>\n<p><strong>Atenci\u00f3n al publico:<\/strong> martes de 8:00 a 12:00 horas<\/p>\n<p>&nbsp;<\/p>\n<h3><span style=\"text-decoration: underline;\"><strong>Corresponsal Consular en Z\u00c1RATE<\/strong><\/span><\/h3>\n<p><strong>Circunscripci\u00f3n:\u00a0<\/strong>las entidades administrativas (Partidos) de Bel\u00e9n de Escobar, Campana, Exaltaci\u00f3n de la Cruz, Pilar,\u00a0Z\u00e1rate, Baradero, San Pedro, San Antonio de Areco, la secci\u00f3n 4\u00b0 y 5\u00b0 de las islas del Delta de Paran\u00e1<\/p>\n<p><strong>Direcci\u00f3n:<\/strong>\u00a0Independencia 692, Z\u00e1rate<br \/>\n<strong>Tel\u00e9fono:<\/strong>\u00a0+54 34 87422763<\/p>\n<p><strong>Atenci\u00f3n al p\u00fablico:<\/strong>\u00a0martes de 8:30 a 12:00 horas<\/p>\n<p>&nbsp;<\/p>\n<h3><span style=\"text-decoration: underline;\"><strong>Corresponsal Consular en MERLO<\/strong><\/span><\/h3>\n<p><strong>Circunscripci\u00f3n:<\/strong>\u00a0las entidades administrativas (Partidos)\u00a0de Moreno, Luj\u00e1n, General Rodr\u00edguez, Merlo\u00a0y Marcos Paz<br \/>\n<strong>Direcci\u00f3n:<\/strong>\u00a0Vicente Lopez 37, Merlo<br \/>\n<strong>Tel\u00e9fono:<\/strong>\u00a0+54 22 04821978<\/p>\n<p><strong>Atenci\u00f3n al p\u00fablico:<\/strong>\u00a0lunes y viernes de 9:00 a 12:00 horas<\/p>\n<p>&nbsp;<\/p>\n<p>Los Corresponsales Consulares brindan servicios a los ciudadanos italianos residentes en las respectivas Circunscripciones que conciernen \u00fanicamente a la actualizaci\u00f3n del estado civil \u00a0<strong>(matrimonios, divorcios, defunciones, nacimientos de hijos menores de edad)<\/strong>.<\/p>\n<p>&nbsp;<\/p>\n","protected":false},"excerpt":{"rendered":"La Circunscripci\u00f3n Consular del Consulado General en Buenos Aires se extiende en el entero territorio de la\u00a0\u00a0Ciudad Aut\u00f3noma de\u00a0Buenos Aires\u00a0y los partidos de la Provincia de Buenos Aires\u00a0de\u00a0Avellaneda, Baradero, Campana, Escobar, Exaltaci\u00f3n de la Cruz, General Rodr\u00edguez, General San Mart\u00edn, Luj\u00e1n, Marcos Paz, Merlo, Moreno, Pilar, Jos\u00e9 C. Paz, Malvinas Argentinas, San Andr\u00e9s de Giles, [&hellip;]","protected":false},"author":1,"featured_media":0,"parent":150,"menu_order":12,"comment_status":"closed","ping_status":"closed","template":"","meta":{"footnotes":""},"class_list":["post-156","page","type-page","status-publish","hentry"],"_links":{"self":[{"href":"https:\/\/consbuenosaires.esteri.it\/es\/wp-json\/wp\/v2\/pages\/156","targetHints":{"allow":["GET"]}}],"collection":[{"href":"https:\/\/consbuenosaires.esteri.it\/es\/wp-json\/wp\/v2\/pages"}],"about":[{"href":"https:\/\/consbuenosaires.esteri.it\/es\/wp-json\/wp\/v2\/types\/page"}],"author":[{"embeddable":true,"href":"https:\/\/consbuenosaires.esteri.it\/es\/wp-json\/wp\/v2\/users\/1"}],"replies":[{"embeddable":true,"href":"https:\/\/consbuenosaires.esteri.it\/es\/wp-json\/wp\/v2\/comments?post=156"}],"version-history":[{"count":6,"href":"https:\/\/consbuenosaires.esteri.it\/es\/wp-json\/wp\/v2\/pages\/156\/revisions"}],"predecessor-version":[{"id":6467,"href":"https:\/\/consbuenosaires.esteri.it\/es\/wp-json\/wp\/v2\/pages\/156\/revisions\/6467"}],"up":[{"embeddable":true,"href":"https:\/\/consbuenosaires.esteri.it\/es\/wp-json\/wp\/v2\/pages\/150"}],"wp:attachment":[{"href":"https:\/\/consbuenosaires.esteri.it\/es\/wp-json\/wp\/v2\/media?parent=156"}],"curies":[{"name":"wp","href":"https:\/\/api.w.org\/{rel}","templated":true}]}}