{"id":155,"date":"2023-04-03T19:16:15","date_gmt":"2023-04-03T17:16:15","guid":{"rendered":"https:\/\/consbuenosaires.esteri.it\/chi-siamo\/numeri-di-emergenza\/"},"modified":"2023-05-10T20:44:09","modified_gmt":"2023-05-10T18:44:09","slug":"numeri-di-emergenza","status":"publish","type":"page","link":"https:\/\/consbuenosaires.esteri.it\/es\/chi-siamo\/numeri-di-emergenza\/","title":{"rendered":"N\u00fameros de emergencia"},"content":{"rendered":"<p><strong>En caso de emergencias graves, <\/strong><span style=\"text-decoration: underline;\">y en ning\u00fan caso para informaciones generales<\/span>, se encuentra activo los fines de semana de 9:00 a 21:00 hs., el n\u00famero 011 15 4530 5629 (desde Italia 54 911 4530 5629). En todos los otros d\u00edas y horarios, <strong>solo por emergencias graves,<\/strong> es posible comunicarse con el n\u00famero +39 06 3691 2790.<\/p>\n","protected":false},"excerpt":{"rendered":"En caso de emergencias graves, y en ning\u00fan caso para informaciones generales, se encuentra activo los fines de semana de 9:00 a 21:00 hs., el n\u00famero 011 15 4530 5629 (desde Italia 54 911 4530 5629). En todos los otros d\u00edas y horarios, solo por emergencias graves, es posible comunicarse con el n\u00famero +39 06 [&hellip;]","protected":false},"author":1,"featured_media":0,"parent":150,"menu_order":10,"comment_status":"closed","ping_status":"closed","template":"","meta":{"footnotes":""},"class_list":["post-155","page","type-page","status-publish","hentry"],"_links":{"self":[{"href":"https:\/\/consbuenosaires.esteri.it\/es\/wp-json\/wp\/v2\/pages\/155","targetHints":{"allow":["GET"]}}],"collection":[{"href":"https:\/\/consbuenosaires.esteri.it\/es\/wp-json\/wp\/v2\/pages"}],"about":[{"href":"https:\/\/consbuenosaires.esteri.it\/es\/wp-json\/wp\/v2\/types\/page"}],"author":[{"embeddable":true,"href":"https:\/\/consbuenosaires.esteri.it\/es\/wp-json\/wp\/v2\/users\/1"}],"replies":[{"embeddable":true,"href":"https:\/\/consbuenosaires.esteri.it\/es\/wp-json\/wp\/v2\/comments?post=155"}],"version-history":[{"count":0,"href":"https:\/\/consbuenosaires.esteri.it\/es\/wp-json\/wp\/v2\/pages\/155\/revisions"}],"up":[{"embeddable":true,"href":"https:\/\/consbuenosaires.esteri.it\/es\/wp-json\/wp\/v2\/pages\/150"}],"wp:attachment":[{"href":"https:\/\/consbuenosaires.esteri.it\/es\/wp-json\/wp\/v2\/media?parent=155"}],"curies":[{"name":"wp","href":"https:\/\/api.w.org\/{rel}","templated":true}]}}