{"id":154,"date":"2023-04-03T19:15:59","date_gmt":"2023-04-03T22:15:59","guid":{"rendered":"https:\/\/consbuenosaires.esteri.it\/chi-siamo\/contatti\/"},"modified":"2026-01-20T17:02:35","modified_gmt":"2026-01-20T20:02:35","slug":"contatti","status":"publish","type":"page","link":"https:\/\/consbuenosaires.esteri.it\/es\/chi-siamo\/contatti\/","title":{"rendered":"Contactos"},"content":{"rendered":"<p><strong>Tel\u00e9fono y correos electr\u00f3nicos<br \/>\n<\/strong><\/p>\n<table class=\"table\" style=\"height: 248px;\" width=\"653\">\n<tbody>\n<tr>\n<td>Direcci\u00f3n:<\/td>\n<td>Reconquista 572 &#8211; (C1003ABL) Buenos Aires<\/td>\n<\/tr>\n<tr>\n<td>Celular de emergencia<\/td>\n<td>se encuentra activo los fines de semana desde 9:00 hasta 21:00, el n\u00famero 011 15 4530 5629 (desde Italia +54 911 4530 5629)<\/td>\n<\/tr>\n<tr>\n<td><a href=\"https:\/\/consbuenosaires.esteri.it\/es\/chi-siamo\/contatti\/nuovo-servizio-di-call-center\/\">Call Center:<\/a><\/td>\n<td>08003455623 (ore 8 &#8211; 12)<\/td>\n<\/tr>\n<tr>\n<td>Mail:<\/td>\n<td>ver seg\u00fan cada <strong><a href=\"https:\/\/consbuenosaires.esteri.it\/es\/chi-siamo\/gli-uffici\/\">Oficina <\/a><\/strong><\/td>\n<\/tr>\n<tr>\n<td>PEC:<\/td>\n<td><a href=\"mailto:con.buenosaires@cert.esteri.it\">con.buenosaires@cert.esteri.it<\/a><\/td>\n<\/tr>\n<\/tbody>\n<\/table>\n","protected":false},"excerpt":{"rendered":"Tel\u00e9fono y correos electr\u00f3nicos Direcci\u00f3n: Reconquista 572 &#8211; (C1003ABL) Buenos Aires Celular de emergencia se encuentra activo los fines de semana desde 9:00 hasta 21:00, el n\u00famero 011 15 4530 5629 (desde Italia +54 911 4530 5629) Call Center: 08003455623 (ore 8 &#8211; 12) Mail: ver seg\u00fan cada Oficina PEC: con.buenosaires@cert.esteri.it","protected":false},"author":1,"featured_media":0,"parent":150,"menu_order":8,"comment_status":"closed","ping_status":"closed","template":"","meta":{"footnotes":""},"class_list":["post-154","page","type-page","status-publish","hentry"],"_links":{"self":[{"href":"https:\/\/consbuenosaires.esteri.it\/es\/wp-json\/wp\/v2\/pages\/154","targetHints":{"allow":["GET"]}}],"collection":[{"href":"https:\/\/consbuenosaires.esteri.it\/es\/wp-json\/wp\/v2\/pages"}],"about":[{"href":"https:\/\/consbuenosaires.esteri.it\/es\/wp-json\/wp\/v2\/types\/page"}],"author":[{"embeddable":true,"href":"https:\/\/consbuenosaires.esteri.it\/es\/wp-json\/wp\/v2\/users\/1"}],"replies":[{"embeddable":true,"href":"https:\/\/consbuenosaires.esteri.it\/es\/wp-json\/wp\/v2\/comments?post=154"}],"version-history":[{"count":1,"href":"https:\/\/consbuenosaires.esteri.it\/es\/wp-json\/wp\/v2\/pages\/154\/revisions"}],"predecessor-version":[{"id":10077,"href":"https:\/\/consbuenosaires.esteri.it\/es\/wp-json\/wp\/v2\/pages\/154\/revisions\/10077"}],"up":[{"embeddable":true,"href":"https:\/\/consbuenosaires.esteri.it\/es\/wp-json\/wp\/v2\/pages\/150"}],"wp:attachment":[{"href":"https:\/\/consbuenosaires.esteri.it\/es\/wp-json\/wp\/v2\/media?parent=154"}],"curies":[{"name":"wp","href":"https:\/\/api.w.org\/{rel}","templated":true}]}}