{"id":1536,"date":"2023-06-01T16:37:54","date_gmt":"2023-06-01T14:37:54","guid":{"rendered":"https:\/\/consbuenosaires.esteri.it\/?page_id=1536"},"modified":"2024-08-28T19:49:26","modified_gmt":"2024-08-28T17:49:26","slug":"estudios","status":"publish","type":"page","link":"https:\/\/consbuenosaires.esteri.it\/es\/servizi-consolari-e-visti\/servizi-per-il-cittadino-italiano\/altri-servizi\/estudios\/","title":{"rendered":"Estudios"},"content":{"rendered":"<div class=\"flex flex-grow flex-col gap-3\">\n<div class=\"min-h-[20px] flex flex-col items-start gap-4 whitespace-pre-wrap break-words\">\n<div class=\"markdown prose w-full break-words dark:prose-invert light\">\n<p>Puede presentarse en la Oficina de Estudios, con un turno previo, los ciudadanos italianos como extranjeros <span style=\"text-decoration: underline;\">que hayan obtenido su t\u00edtulo acad\u00e9mico en la circunscripci\u00f3n consular de Buenos Aires<\/span>, para realizar el tr\u00e1mite correspondiente.<\/p>\n<p>Para obtener informaci\u00f3n sobre el tr\u00e1mite de la Declaraci\u00f3n de Valor de los t\u00edtulos acad\u00e9micos, se puede consultar la <strong><a href=\"https:\/\/consbuenosaires.esteri.it\/es\/servizi-consolari-e-visti\/servizi-per-il-cittadino-straniero\/traduzione-e-legalizzazione-dei-documenti\/declaracion-de-valor-de-titulos-de-estudio\/\">secci\u00f3n correspondiente<\/a><\/strong>.<\/p>\n<p>Los ciudadanos italianos o extranjeros que posean un t\u00edtulo acad\u00e9mico extranjero, obtenido a trav\u00e9s de estudios y ex\u00e1menes realizados en el extranjero en universidades estatales o legalmente reconocidas, y que deseen solicitar el reconocimiento en Italia de su curr\u00edculum vitae con el fin de obtener un t\u00edtulo acad\u00e9mico italiano similar, pueden presentar una solicitud en una universidad de su elecci\u00f3n.<\/p>\n<p>La traducci\u00f3n de los t\u00edtulos acad\u00e9micos y las certificaciones tambi\u00e9n se puede realizar en Italia. Para las inscripciones universitarias, se deben cumplir con los requisitos espec\u00edficos de cada universidad.<\/p>\n<\/div>\n<\/div>\n<\/div>\n<p>&nbsp;<\/p>\n<p><strong>Equiparaci\u00f3n de t\u00edtulos de Estudio<\/strong><\/p>\n<ul>\n<li>los t\u00edtulos de educaci\u00f3n secundaria argentinos <span style=\"text-decoration: underline;\">no son autom\u00e1ticamente reconocidos en Italia<\/span>. Los ciudadanos italianos o extranjeros deben dirigirse directamente al Centro Servizi Amministrativi (CSA) o al Ufficio Scolastico Provinciale (USP), anteriormente conocido como Provveditorato agli Studi, correspondiente a la provincia de pertenencia, siempre luego de haber solicitado a la Oficina de Estudios del Consulado competente la emisi\u00f3n de la \u00abDeclaraci\u00f3n de Valor\u00bb. De acuerdo con lo establecido en el Acuerdo Cultural entre Italia y Argentina del 03\/12\/1997, los t\u00edtulos que cuenten con la respectiva Dichiarazione di Valore son aptos para la admisi\u00f3n en universidades e instituciones de educaci\u00f3n superior italianas;<\/li>\n<li>los t\u00edtulos universitarios argentinos <span style=\"text-decoration: underline;\">no son autom\u00e1ticamente reconocidos en Italia<\/span>. Los ciudadanos italianos o extranjeros interesados en el reconocimiento acad\u00e9mico de la equivalencia de valor y efectividad (\u00abequipollenza\u00bb) de sus t\u00edtulos acad\u00e9micos (obtenidos en instituciones educativas reconocidas oficialmente en el extranjero) con los correspondientes t\u00edtulos acad\u00e9micos italianos, pueden presentar una solicitud en una universidad de su elecci\u00f3n.<\/li>\n<\/ul>\n<p>Una vez declarados equivalentes a los t\u00edtulos italianos de valor correspondiente (educaci\u00f3n secundaria obligatoria, diploma de escuela secundaria o grado universitario), tienen validez legal en Italia; esto significa, por ejemplo, que las personas con ciudadan\u00eda italiana tienen derecho a participar en los concursos organizados por la Administraci\u00f3n P\u00fablica italiana.<\/p>\n<p>&nbsp;<\/p>\n<div class=\"flex flex-grow flex-col gap-3\">\n<div class=\"min-h-[20px] flex flex-col items-start gap-4 whitespace-pre-wrap break-words\">\n<div class=\"markdown prose w-full break-words dark:prose-invert light\">\n<p><strong>Las escuelas en Italia<\/strong><\/p>\n<p>Una lista completa de las escuelas primarias, secundarias y los liceos italianos estatales y no estatales se encuentra constantemente actualizada por el Ministero dell&#8217;Istruzione, dell&#8217;Universit\u00e0 e della Ricerca y se puede consultar en el <strong><a href=\"https:\/\/www.miur.gov.it\/web\/guest\/scuola\">sitio web oficial del MIUR.<\/a><\/strong><\/p>\n<p>Para la inscripci\u00f3n en escuelas primarias o secundarias en Italia, es necesario presentar:<\/p>\n<ul>\n<li>certificaci\u00f3n de los estudios realizados, junto con la Declaraci\u00f3n de Valor adjunta emitida por la representaci\u00f3n diplom\u00e1tico-consular competente.<\/li>\n<\/ul>\n<p>Para la equiparaci\u00f3n del t\u00edtulo de educaci\u00f3n secundaria:<\/p>\n<ul>\n<li>t\u00edtulo final de la escuela secundaria.<\/li>\n<li>certificado anal\u00edtico, junto con la Declaraci\u00f3n de Valor adjunta emitida por la representaci\u00f3n diplom\u00e1tico-consular competente.<\/li>\n<li>cualquier certificado de asistencia a cursos de lengua italiana.<\/li>\n<\/ul>\n<\/div>\n<\/div>\n<\/div>\n<p>&nbsp;<\/p>\n<div class=\"flex flex-grow flex-col gap-3\">\n<div class=\"min-h-[20px] flex flex-col items-start gap-4 whitespace-pre-wrap break-words\">\n<div class=\"markdown prose w-full break-words dark:prose-invert light\">\n<p><strong>Universidades en Italia<\/strong><\/p>\n<p>Para realizar inscripciones universitarias de ciudadanos extranjeros que deseen continuar sus estudios en universidades italianas, seg\u00fan los plazos y modalidades establecidos anualmente por las \u00f3rdenes ministeriales, es necesario:<\/p>\n<ul>\n<li>consultar la informaci\u00f3n sobre las normas de acceso de estudiantes extranjeros a los cursos universitarios y los procedimientos de matriculaci\u00f3n en las universidades establecidos anualmente en el siguiente <strong><a href=\"https:\/\/ambbuenosaires.esteri.it\/ambasciata_buenosaires\/it\/informazioni_e_servizi\/servizi_consolari\/studi\/universita\">sitio web<\/a><\/strong>.<\/li>\n<li>obtener una <strong><a href=\"https:\/\/consbuenosaires.esteri.it\/es\/servizi-consolari-e-visti\/servizi-per-il-cittadino-straniero\/traduzione-e-legalizzazione-dei-documenti\/declaracion-de-valor-de-titulos-de-estudio\/\">Declaraci\u00f3n de Valor<\/a><\/strong> de los t\u00edtulos otorgados en el extranjero en la representaci\u00f3n diplom\u00e1tica y consular competente.<\/li>\n<li>visa de estudio que debe solicitarse en la Oficina de <strong><a href=\"https:\/\/consbuenosaires.esteri.it\/es\/servizi-consolari-e-visti\/servizi-per-il-cittadino-straniero\/visti\/\">Visas<\/a><\/strong> de este Consulado General.<\/li>\n<\/ul>\n<p>Para obtener informaci\u00f3n \u00fatil y fechas de inscripci\u00f3n en universidades italianas para ciudadanos extranjeros , consult\u00e1 el <strong><a href=\"https:\/\/www.universitaly.it\/\">sitio web<\/a><\/strong>.<\/p>\n<p>Los estudiantes extranjeros interesados en estudiar en universidades italianas encontrar\u00e1n informaci\u00f3n \u00fatil en la secci\u00f3n correspondiente del<strong> <a href=\"https:\/\/ambbuenosaires.esteri.it\/ambasciata_buenosaires\/it\/informazioni_e_servizi\/servizi_consolari\/studi\/universita\">sitio web de la Embajada de Italia en Buenos Aires<\/a><\/strong>.<\/p>\n<p>Sobre informaci\u00f3n de inter\u00e9s general respecto a la organizaci\u00f3n y funcionamiento de las universidades italianas, consult\u00e1 la secci\u00f3n del <strong><a href=\"https:\/\/www.miur.gov.it\/web\/guest\/universita\">sitio web del Ministerio de Educaci\u00f3n, Universidad e Investigaci\u00f3n<\/a><\/strong>.<\/p>\n<p>Las listas completas de las universidades se pueden consultar a trav\u00e9s del <strong><a href=\"http:\/\/cercauniversita.cineca.it\/\">motor de b\u00fasqueda especializado de CINECA<\/a><\/strong>.<\/p>\n<p>Tambi\u00e9n hay una p\u00e1gina dedicada a las universidades en el sitio web de la <strong><a href=\"http:\/\/www.crui.it\/HomePage.aspx?ref=1131\">CRUI &#8211; Conferencia de Rectores de las Universidades Italianas<\/a><\/strong>.<\/p>\n<\/div>\n<\/div>\n<\/div>\n<p>&nbsp;<\/p>\n<div class=\"flex flex-grow flex-col gap-3\">\n<div class=\"min-h-[20px] flex flex-col items-start gap-4 whitespace-pre-wrap break-words\">\n<div class=\"markdown prose w-full break-words dark:prose-invert light\">\n<p><strong>T\u00edtulos acad\u00e9micos obtenidos en Italia<\/strong><\/p>\n<p>Para aquellos que hayan estudiado u obtenido t\u00edtulos en Italia y deseen continuar sus estudios o reconocerlos en Argentina, se recomienda seguir el proceso inverso en Italia:<\/p>\n<ul>\n<li>legalizar los boletines de calificaciones, diplomas, t\u00edtulos universitarios, etc., ante las autoridades competentes italianas;<\/li>\n<li>apostillar en la Fiscal\u00eda de la Rep\u00fablica o la Prefectura competente (donde se obtuvo el t\u00edtulo);<\/li>\n<li>realizar la traducci\u00f3n al espa\u00f1ol a cargo de un traductor p\u00fablico;<\/li>\n<li>legalizar las traducciones y obtener la declaraci\u00f3n de valor de cada documento emitida por el Consulado argentino competente.<\/li>\n<\/ul>\n<p>&nbsp;<\/p>\n<p><strong>Becas de estudio<\/strong><\/p>\n<p>Se puede consultar el sitio web <strong><a href=\"https:\/\/studyinitaly.esteri.it\/\">Study in Italy<\/a><\/strong>.<\/p>\n<p>&nbsp;<\/p>\n<p><strong>Mail<\/strong>: <a href=\"mailto:studi.buenosaires@esteri.it\"><strong>studi.buenosaires@esteri.it<\/strong><\/a><\/p>\n<p><a href=\"https:\/\/www.esteri.it\/it\/diplomazia-culturale-e-diplomazia-scientifica\/cultura\/\"><strong>Mayor informaci\u00f3n<\/strong><\/a><\/p>\n<\/div>\n<\/div>\n<\/div>\n","protected":false},"excerpt":{"rendered":"Puede presentarse en la Oficina de Estudios, con un turno previo, los ciudadanos italianos como extranjeros que hayan obtenido su t\u00edtulo acad\u00e9mico en la circunscripci\u00f3n consular de Buenos Aires, para realizar el tr\u00e1mite correspondiente. Para obtener informaci\u00f3n sobre el tr\u00e1mite de la Declaraci\u00f3n de Valor de los t\u00edtulos acad\u00e9micos, se puede consultar la secci\u00f3n correspondiente. [&hellip;]","protected":false},"author":5,"featured_media":0,"parent":210,"menu_order":0,"comment_status":"closed","ping_status":"closed","template":"","meta":{"footnotes":""},"class_list":["post-1536","page","type-page","status-publish","hentry"],"_links":{"self":[{"href":"https:\/\/consbuenosaires.esteri.it\/es\/wp-json\/wp\/v2\/pages\/1536","targetHints":{"allow":["GET"]}}],"collection":[{"href":"https:\/\/consbuenosaires.esteri.it\/es\/wp-json\/wp\/v2\/pages"}],"about":[{"href":"https:\/\/consbuenosaires.esteri.it\/es\/wp-json\/wp\/v2\/types\/page"}],"author":[{"embeddable":true,"href":"https:\/\/consbuenosaires.esteri.it\/es\/wp-json\/wp\/v2\/users\/5"}],"replies":[{"embeddable":true,"href":"https:\/\/consbuenosaires.esteri.it\/es\/wp-json\/wp\/v2\/comments?post=1536"}],"version-history":[{"count":3,"href":"https:\/\/consbuenosaires.esteri.it\/es\/wp-json\/wp\/v2\/pages\/1536\/revisions"}],"predecessor-version":[{"id":5138,"href":"https:\/\/consbuenosaires.esteri.it\/es\/wp-json\/wp\/v2\/pages\/1536\/revisions\/5138"}],"up":[{"embeddable":true,"href":"https:\/\/consbuenosaires.esteri.it\/es\/wp-json\/wp\/v2\/pages\/210"}],"wp:attachment":[{"href":"https:\/\/consbuenosaires.esteri.it\/es\/wp-json\/wp\/v2\/media?parent=1536"}],"curies":[{"name":"wp","href":"https:\/\/api.w.org\/{rel}","templated":true}]}}