{"id":1533,"date":"2023-06-01T15:04:41","date_gmt":"2023-06-01T13:04:41","guid":{"rendered":"https:\/\/consbuenosaires.esteri.it\/?page_id=1533"},"modified":"2023-06-21T16:42:16","modified_gmt":"2023-06-21T14:42:16","slug":"servicio-militar","status":"publish","type":"page","link":"https:\/\/consbuenosaires.esteri.it\/es\/servizi-consolari-e-visti\/servizi-per-il-cittadino-italiano\/altri-servizi\/servicio-militar\/","title":{"rendered":"Servicio Militar"},"content":{"rendered":"<p>La Ley N.\u00ba 226 del 23 de agosto de 2004 estableci\u00f3 el 31 de diciembre de 2004 como la fecha de la \u00faltima convocatoria al servicio militar obligatorio. Por lo tanto, a partir del 1 de enero de 2005, el servicio militar adopt\u00f3 un car\u00e1cter voluntario.<\/p>\n<p>Los ciudadanos italianos que deseen regresar al pa\u00eds para prestar servicio militar voluntario ya no pueden beneficiarse de las disposiciones de la Ley 433\/66 que regula el retorno a cargo del Estado exclusivamente para cumplir con las obligaciones del servicio militar obligatorio.<\/p>\n<p>Cada a\u00f1o se publican convocatorias de reclutamiento en el Ej\u00e9rcito italiano, la Marina Militare y la Aeronautica Militare. Pueden alistarse ciudadanos italianos de ambos sexos que tengan entre 18 y 25 a\u00f1os y posean un diploma de educaci\u00f3n secundaria de primer grado.<\/p>\n<p>Para obtener informaci\u00f3n detallada y acceder al formulario de solicitud de participaci\u00f3n en los concursos, consulte el sitio web del <strong><a href=\"http:\/\/www.difesa.it\/\">Ministero della Difesa<\/a><\/strong>.<\/p>\n","protected":false},"excerpt":{"rendered":"La Ley N.\u00ba 226 del 23 de agosto de 2004 estableci\u00f3 el 31 de diciembre de 2004 como la fecha de la \u00faltima convocatoria al servicio militar obligatorio. Por lo tanto, a partir del 1 de enero de 2005, el servicio militar adopt\u00f3 un car\u00e1cter voluntario. Los ciudadanos italianos que deseen regresar al pa\u00eds para [&hellip;]","protected":false},"author":5,"featured_media":0,"parent":210,"menu_order":0,"comment_status":"closed","ping_status":"closed","template":"","meta":{"footnotes":""},"class_list":["post-1533","page","type-page","status-publish","hentry"],"_links":{"self":[{"href":"https:\/\/consbuenosaires.esteri.it\/es\/wp-json\/wp\/v2\/pages\/1533","targetHints":{"allow":["GET"]}}],"collection":[{"href":"https:\/\/consbuenosaires.esteri.it\/es\/wp-json\/wp\/v2\/pages"}],"about":[{"href":"https:\/\/consbuenosaires.esteri.it\/es\/wp-json\/wp\/v2\/types\/page"}],"author":[{"embeddable":true,"href":"https:\/\/consbuenosaires.esteri.it\/es\/wp-json\/wp\/v2\/users\/5"}],"replies":[{"embeddable":true,"href":"https:\/\/consbuenosaires.esteri.it\/es\/wp-json\/wp\/v2\/comments?post=1533"}],"version-history":[{"count":0,"href":"https:\/\/consbuenosaires.esteri.it\/es\/wp-json\/wp\/v2\/pages\/1533\/revisions"}],"up":[{"embeddable":true,"href":"https:\/\/consbuenosaires.esteri.it\/es\/wp-json\/wp\/v2\/pages\/210"}],"wp:attachment":[{"href":"https:\/\/consbuenosaires.esteri.it\/es\/wp-json\/wp\/v2\/media?parent=1533"}],"curies":[{"name":"wp","href":"https:\/\/api.w.org\/{rel}","templated":true}]}}