{"id":1529,"date":"2023-05-23T21:10:41","date_gmt":"2023-05-23T19:10:41","guid":{"rendered":"https:\/\/consbuenosaires.esteri.it\/?page_id=1529"},"modified":"2023-06-21T16:30:57","modified_gmt":"2023-06-21T14:30:57","slug":"robo-y-extravio-del-pasaporte","status":"publish","type":"page","link":"https:\/\/consbuenosaires.esteri.it\/es\/servizi-consolari-e-visti\/servizi-per-il-cittadino-italiano\/passaporti\/robo-y-extravio-del-pasaporte\/","title":{"rendered":"Robo y extrav\u00edo del pasaporte"},"content":{"rendered":"<p>En caso de robo o extrav\u00edo del pasaporte por parte de un conciudadano, ya sea residente en Italia o en otro pa\u00eds, en una situaci\u00f3n de emergencia en la que no sea posible completar el proceso necesario para emitir un nuevo pasaporte a tiempo, se podr\u00e1 expedir un documento de viaje provisional (<strong><a href=\"https:\/\/consbuenosaires.esteri.it\/it\/servizi-consolari-e-visti\/servizi-per-il-cittadino-italiano\/emergency-travel-documents-etd\/\">Emergency Travel Document<\/a><\/strong>).<\/p>\n<p>Como alternativa, el conciudadano puede solicitar un nuevo pasaporte escribiendo a <strong><a href=\"mailto:passaporti.buenosaires@esteri.it\" target=\"_new\" rel=\"noopener\">passaporti.buenosaires@esteri.it <\/a><\/strong>adjuntando:<\/p>\n<ul>\n<li>denuncia de robo o extrav\u00edo del pasaporte realizada ante las Autoridades de Polic\u00eda locales;<\/li>\n<li>documento de identidad con foto y en curso de validez.<\/li>\n<\/ul>\n<p>Una vez que se reciba una respuesta, el solicitante ser\u00e1 convocado y deber\u00e1 presentar:<\/p>\n<ul>\n<li>denuncia de robo o extrav\u00edo del pasaporte realizada ante las Autoridades de Polic\u00eda locales;<\/li>\n<li>documento de identidad con foto y en curso de validez;<\/li>\n<li>2 fotograf\u00edas id\u00e9nticas en formato de pasaporte (35&#215;40 mm), NO digitales, a color, con fondo blanco.<\/li>\n<\/ul>\n<p>Se informa que, en el caso de ciudadanos no residentes en la circunscripci\u00f3n consular de Buenos Aires, el Consulado General tambi\u00e9n deber\u00e1 solicitar a la Autoridad Italiana competente seg\u00fan su lugar de residencia (Questura u Oficina Consular) el \u00abNulla Osta\u00bb y la autorizaci\u00f3n para emitir el nuevo pasaporte.<\/p>\n","protected":false},"excerpt":{"rendered":"En caso de robo o extrav\u00edo del pasaporte por parte de un conciudadano, ya sea residente en Italia o en otro pa\u00eds, en una situaci\u00f3n de emergencia en la que no sea posible completar el proceso necesario para emitir un nuevo pasaporte a tiempo, se podr\u00e1 expedir un documento de viaje provisional (Emergency Travel Document). [&hellip;]","protected":false},"author":5,"featured_media":0,"parent":199,"menu_order":0,"comment_status":"closed","ping_status":"closed","template":"","meta":{"footnotes":""},"class_list":["post-1529","page","type-page","status-publish","hentry"],"_links":{"self":[{"href":"https:\/\/consbuenosaires.esteri.it\/es\/wp-json\/wp\/v2\/pages\/1529","targetHints":{"allow":["GET"]}}],"collection":[{"href":"https:\/\/consbuenosaires.esteri.it\/es\/wp-json\/wp\/v2\/pages"}],"about":[{"href":"https:\/\/consbuenosaires.esteri.it\/es\/wp-json\/wp\/v2\/types\/page"}],"author":[{"embeddable":true,"href":"https:\/\/consbuenosaires.esteri.it\/es\/wp-json\/wp\/v2\/users\/5"}],"replies":[{"embeddable":true,"href":"https:\/\/consbuenosaires.esteri.it\/es\/wp-json\/wp\/v2\/comments?post=1529"}],"version-history":[{"count":0,"href":"https:\/\/consbuenosaires.esteri.it\/es\/wp-json\/wp\/v2\/pages\/1529\/revisions"}],"up":[{"embeddable":true,"href":"https:\/\/consbuenosaires.esteri.it\/es\/wp-json\/wp\/v2\/pages\/199"}],"wp:attachment":[{"href":"https:\/\/consbuenosaires.esteri.it\/es\/wp-json\/wp\/v2\/media?parent=1529"}],"curies":[{"name":"wp","href":"https:\/\/api.w.org\/{rel}","templated":true}]}}