{"id":1527,"date":"2023-05-23T21:08:44","date_gmt":"2023-05-23T19:08:44","guid":{"rendered":"https:\/\/consbuenosaires.esteri.it\/?page_id=1527"},"modified":"2024-07-02T20:01:47","modified_gmt":"2024-07-02T18:01:47","slug":"pasaporte-para-los-menores","status":"publish","type":"page","link":"https:\/\/consbuenosaires.esteri.it\/es\/servizi-consolari-e-visti\/servizi-per-il-cittadino-italiano\/passaporti\/pasaporte-para-los-menores\/","title":{"rendered":"Pasaporte para los menores"},"content":{"rendered":"<div class=\"flex flex-grow flex-col gap-3\">\n<div class=\"min-h-[20px] flex flex-col items-start gap-4 whitespace-pre-wrap break-words\">\n<div class=\"markdown prose w-full break-words dark:prose-invert light\">\n<p><span style=\"text-decoration: underline;\">Todos los menores deben tener un pasaporte individual; para su emisi\u00f3n, se requiere el consentimiento de ambos padres (ver \u00ab<strong><a href=\"https:\/\/consbuenosaires.esteri.it\/es\/servizi-consolari-e-visti\/servizi-per-il-cittadino-italiano\/passaporti\/consentimiento\/\">c\u00f3mo manifestar el consentimiento<\/a><\/strong>\u00ab<\/span>).<\/p>\n<p>Solo a partir de los 12 a\u00f1os es necesario tomar las huellas digitales y la firma digitalizada.<\/p>\n<p>Para la emisi\u00f3n de pasaportes a menores de 18 a\u00f1os,<strong> siempre se requiere la presencia del menor para quien se solicita el pasaporte.<\/strong><\/p>\n<p>&nbsp;<\/p>\n<p><strong>Declaraci\u00f3n de acompa\u00f1amiento de menor<\/strong><\/p>\n<p>Hasta los 14 a\u00f1os, los menores italianos pueden viajar al extranjero siempre y cuando viajen acompa\u00f1ados por al menos uno de sus padres o una persona que act\u00fae en su lugar, que se mencione en el pasaporte o en una declaraci\u00f3n de acompa\u00f1amiento emitida por aquellos que pueden dar su consentimiento o autorizaci\u00f3n de acuerdo con el art\u00edculo 3, letra a) de la Ley del 21 de noviembre de 1967, n. 1185, sellada por una autoridad competente (Questura en Italia, oficina consular en el extranjero), el nombre de la persona, entidad o compa\u00f1\u00eda de transporte a la cual se conf\u00eda a los menores.<\/p>\n<ul>\n<li>la declaraci\u00f3n de acompa\u00f1amiento puede aplicarse a un solo viaje (entendido como ida y\/o vuelta) desde el pa\u00eds de residencia del menor con un destino espec\u00edfico y no puede exceder normalmente un plazo m\u00e1ximo de seis meses;<\/li>\n<li>los responsables legales o tutores pueden indicar hasta un m\u00e1ximo de dos acompa\u00f1antes, que ser\u00e1n alternativos entre s\u00ed;<\/li>\n<li>al realizar la declaraci\u00f3n de acompa\u00f1amiento, los responsables legales o tutores pueden solicitar que los nombres de los acompa\u00f1antes, la duraci\u00f3n del viaje y el destino se impriman en el pasaporte del menor o, alternativamente, que estos datos se incluyan en una declaraci\u00f3n separada, que ser\u00e1 impresa por la oficina competente;<\/li>\n<li><strong>en caso de que el menor sea confiado a una entidad o compa\u00f1\u00eda de transporte, para garantizar la integridad y legibilidad de los datos del viaje, se emitir\u00e1 \u00fanicamente una declaraci\u00f3n. Se sugiere verificar con la compa\u00f1\u00eda de transporte antes de comprar el boleto si acepta que se conf\u00ede al menor a su cuidado<\/strong>.<\/li>\n<\/ul>\n<p><strong><a href=\"https:\/\/consbuenosaires.esteri.it\/wp-content\/uploads\/2023\/06\/Dichiarazione-accompagnamento-per-minori.pdf\">Descargue la declaraci\u00f3n de acompa\u00f1amiento<\/a><\/strong> para presentarla en el Consulado General para obtener la declaraci\u00f3n de acompa\u00f1amiento o la impresi\u00f3n en el pasaporte.<\/p>\n<\/div>\n<\/div>\n<\/div>\n","protected":false},"excerpt":{"rendered":"Todos los menores deben tener un pasaporte individual; para su emisi\u00f3n, se requiere el consentimiento de ambos padres (ver \u00abc\u00f3mo manifestar el consentimiento\u00ab). Solo a partir de los 12 a\u00f1os es necesario tomar las huellas digitales y la firma digitalizada. Para la emisi\u00f3n de pasaportes a menores de 18 a\u00f1os, siempre se requiere la presencia [&hellip;]","protected":false},"author":5,"featured_media":0,"parent":199,"menu_order":0,"comment_status":"closed","ping_status":"closed","template":"","meta":{"footnotes":""},"class_list":["post-1527","page","type-page","status-publish","hentry"],"_links":{"self":[{"href":"https:\/\/consbuenosaires.esteri.it\/es\/wp-json\/wp\/v2\/pages\/1527","targetHints":{"allow":["GET"]}}],"collection":[{"href":"https:\/\/consbuenosaires.esteri.it\/es\/wp-json\/wp\/v2\/pages"}],"about":[{"href":"https:\/\/consbuenosaires.esteri.it\/es\/wp-json\/wp\/v2\/types\/page"}],"author":[{"embeddable":true,"href":"https:\/\/consbuenosaires.esteri.it\/es\/wp-json\/wp\/v2\/users\/5"}],"replies":[{"embeddable":true,"href":"https:\/\/consbuenosaires.esteri.it\/es\/wp-json\/wp\/v2\/comments?post=1527"}],"version-history":[{"count":1,"href":"https:\/\/consbuenosaires.esteri.it\/es\/wp-json\/wp\/v2\/pages\/1527\/revisions"}],"predecessor-version":[{"id":4545,"href":"https:\/\/consbuenosaires.esteri.it\/es\/wp-json\/wp\/v2\/pages\/1527\/revisions\/4545"}],"up":[{"embeddable":true,"href":"https:\/\/consbuenosaires.esteri.it\/es\/wp-json\/wp\/v2\/pages\/199"}],"wp:attachment":[{"href":"https:\/\/consbuenosaires.esteri.it\/es\/wp-json\/wp\/v2\/media?parent=1527"}],"curies":[{"name":"wp","href":"https:\/\/api.w.org\/{rel}","templated":true}]}}