{"id":152,"date":"2023-04-03T19:15:30","date_gmt":"2023-04-03T22:15:30","guid":{"rendered":"https:\/\/consbuenosaires.esteri.it\/chi-siamo\/la-sede\/"},"modified":"2026-01-28T16:27:28","modified_gmt":"2026-01-28T19:27:28","slug":"la-sede","status":"publish","type":"page","link":"https:\/\/consbuenosaires.esteri.it\/es\/chi-siamo\/la-sede\/","title":{"rendered":"La Sede"},"content":{"rendered":"<p>El <strong>Consulado General de Italia en Buenos Aires<\/strong> est\u00e1 est\u00e1 ubicado en el barrio del \u201cMicrocentro\u201d de la capital, en la calle <strong>Reconquista 572<\/strong>, cerca de la intersecci\u00f3n con la calle Tucum\u00e1n.<\/p>\n<p>Se puede llegar al Consulado\u00a0\u00a0en colectivo (hay m\u00e1s de 40 l\u00edneas) o en subte (subte Linea D \u2013 estaci\u00f3n \u201cCatedral\u201d o Linea B \u2013 estaci\u00f3n \u201cLeandro N. Alem\u201d)<\/p>\n<p><img loading=\"lazy\" decoding=\"async\" class=\"aligncenter size-full wp-image-3837 img-fluid\" src=\"https:\/\/consbuenosaires.esteri.it\/wp-content\/uploads\/2024\/05\/IMG_0586.jpeg\" alt=\"\" width=\"1920\" height=\"890\" srcset=\"https:\/\/consbuenosaires.esteri.it\/wp-content\/uploads\/2024\/05\/IMG_0586.jpeg 1920w, https:\/\/consbuenosaires.esteri.it\/wp-content\/uploads\/2024\/05\/IMG_0586-300x139.jpeg 300w, https:\/\/consbuenosaires.esteri.it\/wp-content\/uploads\/2024\/05\/IMG_0586-1024x475.jpeg 1024w, https:\/\/consbuenosaires.esteri.it\/wp-content\/uploads\/2024\/05\/IMG_0586-768x356.jpeg 768w\" sizes=\"auto, (max-width: 1920px) 100vw, 1920px\" \/><\/p>\n<h6 style=\"text-align: right;\">Google. (s.f.) [Consulado General de Italia en Buenos Aires]\u00a0 2024 de https:\/\/maps.app.goo.gl\/5kjm9ab6cWrqiJok8<\/h6>\n<p data-start=\"78\" data-end=\"428\">La sede actual \u2014ubicada en un moderno edificio de 8 pisos, remodelado entre 2004 y 2006 y que con el tiempo fue objeto de nuevas mejoras\u2014 fue inaugurada y abierta al p\u00fablico el 7 de diciembre de 2006, con motivo de la visita oficial a la Argentina del Viceministro de Asuntos Exteriores con delegaci\u00f3n para el Ministerio de los Italianos en el Mundo.<\/p>\n<p data-start=\"430\" data-end=\"720\">El edificio de la calle Reconquista 572 recibe diariamente a cientos de compatriotas y usuarios. Cuenta con salas para la atenci\u00f3n al p\u00fablico, ventanillas multifunci\u00f3n para la prestaci\u00f3n de los servicios consulares y una sala destinada a la organizaci\u00f3n de conferencias de prensa y eventos.<\/p>\n<p data-start=\"722\" data-end=\"1088\">Como resultado de una iniciativa lanzada el 8 de marzo de 2024 por el Vicepresidente del Consejo de Ministros y Ministro de Asuntos Exteriores y Cooperaci\u00f3n Internacional, Hon. Tajani, se inaugur\u00f3 en la sala de espera de la planta baja un \u201cbanco rojo\u201d, s\u00edmbolo del compromiso y la determinaci\u00f3n constantes de Italia contra la discriminaci\u00f3n y la violencia de g\u00e9nero.<\/p>\n<p data-start=\"722\" data-end=\"1088\"><img loading=\"lazy\" decoding=\"async\" class=\"alignnone wp-image-10181 img-fluid\" src=\"https:\/\/consbuenosaires.esteri.it\/wp-content\/uploads\/2026\/01\/immagine-7-300x179.jpeg\" alt=\"\" width=\"439\" height=\"262\" srcset=\"https:\/\/consbuenosaires.esteri.it\/wp-content\/uploads\/2026\/01\/immagine-7-300x179.jpeg 300w, https:\/\/consbuenosaires.esteri.it\/wp-content\/uploads\/2026\/01\/immagine-7-1024x611.jpeg 1024w, https:\/\/consbuenosaires.esteri.it\/wp-content\/uploads\/2026\/01\/immagine-7-768x458.jpeg 768w, https:\/\/consbuenosaires.esteri.it\/wp-content\/uploads\/2026\/01\/immagine-7.jpeg 1920w\" sizes=\"auto, (max-width: 439px) 100vw, 439px\" \/>\u00a0 \u00a0<img loading=\"lazy\" decoding=\"async\" class=\"alignnone wp-image-10187 img-fluid\" src=\"https:\/\/consbuenosaires.esteri.it\/wp-content\/uploads\/2026\/01\/PANCHINA-ROSSA-300x300.jpg\" alt=\"\" width=\"259\" height=\"259\" srcset=\"https:\/\/consbuenosaires.esteri.it\/wp-content\/uploads\/2026\/01\/PANCHINA-ROSSA-300x300.jpg 300w, https:\/\/consbuenosaires.esteri.it\/wp-content\/uploads\/2026\/01\/PANCHINA-ROSSA-1024x1024.jpg 1024w, https:\/\/consbuenosaires.esteri.it\/wp-content\/uploads\/2026\/01\/PANCHINA-ROSSA-150x150.jpg 150w, https:\/\/consbuenosaires.esteri.it\/wp-content\/uploads\/2026\/01\/PANCHINA-ROSSA-768x768.jpg 768w, https:\/\/consbuenosaires.esteri.it\/wp-content\/uploads\/2026\/01\/PANCHINA-ROSSA.jpg 1440w\" sizes=\"auto, (max-width: 259px) 100vw, 259px\" \/><\/p>\n<p data-start=\"1093\" data-end=\"1310\">En diciembre de 2025 se inauguraron en la sala de espera del primer piso un \u00e1rea de juegos y lectura para ni\u00f1os y una peque\u00f1a muestra permanente dedicada a la actividad de promoci\u00f3n realizada por el Consulado General.<\/p>\n<p><img loading=\"lazy\" decoding=\"async\" class=\"alignnone wp-image-10145 img-fluid\" src=\"https:\/\/consbuenosaires.esteri.it\/wp-content\/uploads\/2026\/01\/AREA_GIOCCHI-300x300.jpg\" alt=\"\" width=\"390\" height=\"390\" srcset=\"https:\/\/consbuenosaires.esteri.it\/wp-content\/uploads\/2026\/01\/AREA_GIOCCHI-300x300.jpg 300w, https:\/\/consbuenosaires.esteri.it\/wp-content\/uploads\/2026\/01\/AREA_GIOCCHI-1024x1024.jpg 1024w, https:\/\/consbuenosaires.esteri.it\/wp-content\/uploads\/2026\/01\/AREA_GIOCCHI-150x150.jpg 150w, https:\/\/consbuenosaires.esteri.it\/wp-content\/uploads\/2026\/01\/AREA_GIOCCHI-768x768.jpg 768w, https:\/\/consbuenosaires.esteri.it\/wp-content\/uploads\/2026\/01\/AREA_GIOCCHI.jpg 1200w\" sizes=\"auto, (max-width: 390px) 100vw, 390px\" \/>\u00a0 \u00a0 \u00a0<img loading=\"lazy\" decoding=\"async\" class=\"alignnone wp-image-10176 img-fluid\" src=\"https:\/\/consbuenosaires.esteri.it\/wp-content\/uploads\/2026\/01\/immagine-6-237x300.jpeg\" alt=\"\" width=\"306\" height=\"388\" srcset=\"https:\/\/consbuenosaires.esteri.it\/wp-content\/uploads\/2026\/01\/immagine-6-237x300.jpeg 237w, https:\/\/consbuenosaires.esteri.it\/wp-content\/uploads\/2026\/01\/immagine-6-810x1024.jpeg 810w, https:\/\/consbuenosaires.esteri.it\/wp-content\/uploads\/2026\/01\/immagine-6-768x971.jpeg 768w, https:\/\/consbuenosaires.esteri.it\/wp-content\/uploads\/2026\/01\/immagine-6.jpeg 1920w\" sizes=\"auto, (max-width: 306px) 100vw, 306px\" \/><\/p>\n<p><img loading=\"lazy\" decoding=\"async\" class=\"alignnone wp-image-10157 img-fluid\" src=\"https:\/\/consbuenosaires.esteri.it\/wp-content\/uploads\/2026\/01\/immagine-2-300x228.jpeg\" alt=\"\" width=\"355\" height=\"270\" srcset=\"https:\/\/consbuenosaires.esteri.it\/wp-content\/uploads\/2026\/01\/immagine-2-300x228.jpeg 300w, https:\/\/consbuenosaires.esteri.it\/wp-content\/uploads\/2026\/01\/immagine-2-1024x779.jpeg 1024w, https:\/\/consbuenosaires.esteri.it\/wp-content\/uploads\/2026\/01\/immagine-2-768x584.jpeg 768w, https:\/\/consbuenosaires.esteri.it\/wp-content\/uploads\/2026\/01\/immagine-2.jpeg 1920w\" sizes=\"auto, (max-width: 355px) 100vw, 355px\" \/>\u00a0 \u00a0 \u00a0<img loading=\"lazy\" decoding=\"async\" class=\"alignnone wp-image-10163 img-fluid\" src=\"https:\/\/consbuenosaires.esteri.it\/wp-content\/uploads\/2026\/01\/immagine-3-300x241.jpeg\" alt=\"\" width=\"337\" height=\"271\" srcset=\"https:\/\/consbuenosaires.esteri.it\/wp-content\/uploads\/2026\/01\/immagine-3-300x241.jpeg 300w, https:\/\/consbuenosaires.esteri.it\/wp-content\/uploads\/2026\/01\/immagine-3-1024x821.jpeg 1024w, https:\/\/consbuenosaires.esteri.it\/wp-content\/uploads\/2026\/01\/immagine-3-768x616.jpeg 768w, https:\/\/consbuenosaires.esteri.it\/wp-content\/uploads\/2026\/01\/immagine-3.jpeg 1920w\" sizes=\"auto, (max-width: 337px) 100vw, 337px\" \/><\/p>\n<p><img loading=\"lazy\" decoding=\"async\" class=\"alignnone wp-image-10172 img-fluid\" src=\"https:\/\/consbuenosaires.esteri.it\/wp-content\/uploads\/2026\/01\/immagine-5-196x300.jpeg\" alt=\"\" width=\"305\" height=\"467\" srcset=\"https:\/\/consbuenosaires.esteri.it\/wp-content\/uploads\/2026\/01\/immagine-5-196x300.jpeg 196w, https:\/\/consbuenosaires.esteri.it\/wp-content\/uploads\/2026\/01\/immagine-5-669x1024.jpeg 669w, https:\/\/consbuenosaires.esteri.it\/wp-content\/uploads\/2026\/01\/immagine-5-768x1175.jpeg 768w, https:\/\/consbuenosaires.esteri.it\/wp-content\/uploads\/2026\/01\/immagine-5-scaled.jpeg 1674w\" sizes=\"auto, (max-width: 305px) 100vw, 305px\" \/>\u00a0 \u00a0 <img loading=\"lazy\" decoding=\"async\" class=\"alignnone  wp-image-10210 img-fluid\" src=\"https:\/\/consbuenosaires.esteri.it\/wp-content\/uploads\/2026\/01\/immagine-244x300.jpeg\" alt=\"\" width=\"381\" height=\"468\" srcset=\"https:\/\/consbuenosaires.esteri.it\/wp-content\/uploads\/2026\/01\/immagine-244x300.jpeg 244w, https:\/\/consbuenosaires.esteri.it\/wp-content\/uploads\/2026\/01\/immagine-833x1024.jpeg 833w, https:\/\/consbuenosaires.esteri.it\/wp-content\/uploads\/2026\/01\/immagine-768x944.jpeg 768w, https:\/\/consbuenosaires.esteri.it\/wp-content\/uploads\/2026\/01\/immagine.jpeg 1920w\" sizes=\"auto, (max-width: 381px) 100vw, 381px\" \/><\/p>\n<p>&nbsp;<\/p>\n<h3><u>Historia de la Sede del Consulado General de Italia en Buenos Aires<\/u><\/h3>\n<p>El Consulado General de Italia en Buenos Aires fue instituido el 23 de octubre de 1927 durante el Reino de Italia y posteriormente confirmado \u2014en la fase de transici\u00f3n de la Monarqu\u00eda a la Rep\u00fablica\u2014 el 18 de abril de 1947, mediante decreto del Jefe Provisional del Estado, Enrico De Nicola.<\/p>\n<p>En los a\u00f1os inmediatamente anteriores a 1927, el Consulado General era en realidad la Canciller\u00eda Consular de la Real Legaci\u00f3n primero y, posteriormente, de la Real Embajada. Dada la hist\u00f3rica y numerosa presencia de italianos en Argentina, desde la fundaci\u00f3n del Reino de Italia se hab\u00eda instituido una Legaci\u00f3n en el pa\u00eds, que luego se convirti\u00f3 en Embajada en 1924, con el nombramiento de Luigi Aldrovandi Marescotti, Conde de Viano, como Embajador.<\/p>\n<p>Hasta 1929, la sede del Consulado General se encontraba en un edificio \u2014posteriormente demolido para dar lugar a la realizaci\u00f3n de la \u201cAvenida 9 de Julio\u201d\u2014 en la Calle Carlos Pellegrini 1060.<\/p>\n<p>En 1930, la sede fue trasladada brevemente a la Avenida Quintana 475, mientras que a partir del invierno de 1931 el Consulado General se instal\u00f3 en la Avenida E. Madero 391-399.<\/p>\n<p>Posteriormente, y durante much\u00edsimos a\u00f1os, desde agosto de 1944, el Consulado General tuvo su sede en el edificio de la Calle Marcelo T. de Alvear 1119\/1149, que sigue albergando \u2014entre otros\u2014 al Teatro Coliseo, al Instituto Italiano de Cultura y a la C\u00e1mara de Comercio Italiana en la Rep\u00fablica Argentina. La construcci\u00f3n del nuevo edificio de la Calle Alvear, que se levant\u00f3 sobre los cimientos del antiguo Teatro \u201cColiseo degli Italiani\u201d, gracias a la herencia testamentaria del Conde Felice Lora, se inici\u00f3 en 1942 y fue completada tras varias fases intermedias \u2014entre ellas la del traslado del Consulado General\u2014 en septiembre de 1956. Las oficinas del Consulado General fueron objeto de varias ampliaciones, la \u00faltima en 2001.<\/p>\n<p>En junio de 2003, con el objetivo de garantizar servicios consulares adecuados a las necesidades de una colectividad que hab\u00eda crecido notablemente con el tiempo, el Estado italiano adquiri\u00f3 el actual edificio de la Calle Reconquista 572.<\/p>\n<p>La compra de esta nueva sede y el traslado de las oficinas fueron anunciados en diciembre de 2003. Desde junio de 2004 hasta marzo de 2006, el edificio fue sometido a trabajos de remodelaci\u00f3n.<\/p>\n<p>El 7 de diciembre de 2006, con motivo de la visita oficial a Argentina del Viceministro de Asuntos Exteriores con delegaci\u00f3n para el Ministerio de los Italianos en el Mundo, tuvo lugar la ceremonia de inauguraci\u00f3n y apertura al p\u00fablico de la nueva sede, que se hizo operativa a partir del 11 de diciembre siguiente.<\/p>\n<p>&nbsp;<\/p>\n<p><img loading=\"lazy\" decoding=\"async\" class=\"alignnone wp-image-8522 img-fluid\" src=\"https:\/\/consbuenosaires.esteri.it\/wp-content\/uploads\/2025\/09\/IMG1-300x192.jpg\" alt=\"\" width=\"530\" height=\"339\" srcset=\"https:\/\/consbuenosaires.esteri.it\/wp-content\/uploads\/2025\/09\/IMG1-300x192.jpg 300w, https:\/\/consbuenosaires.esteri.it\/wp-content\/uploads\/2025\/09\/IMG1.jpg 582w\" sizes=\"auto, (max-width: 530px) 100vw, 530px\" \/><\/p>\n<p><em>Entrada del edificio en la Calle Alvear, fuente: Volumen \u201cLa sede del Consolato Generale d\u2019Italia Buenos Aires (1943-2003)\u201d, publicado por el Consulado General de Italia el 15 de febrero de 2003.<\/em><\/p>\n<p>&nbsp;<\/p>\n<p><img loading=\"lazy\" decoding=\"async\" class=\"alignnone wp-image-8527 img-fluid\" src=\"https:\/\/consbuenosaires.esteri.it\/wp-content\/uploads\/2025\/09\/IMG2-226x300.jpg\" alt=\"\" width=\"373\" height=\"495\" srcset=\"https:\/\/consbuenosaires.esteri.it\/wp-content\/uploads\/2025\/09\/IMG2-226x300.jpg 226w, https:\/\/consbuenosaires.esteri.it\/wp-content\/uploads\/2025\/09\/IMG2.jpg 586w\" sizes=\"auto, (max-width: 373px) 100vw, 373px\" \/><\/p>\n<p><em>Vista lateral del edificio de la Calle Alvear, a\u00f1o 1965, fuente: Volumen \u201cLa sede del Consolato Generale d\u2019Italia Buenos Aires (1943-2003)\u201d, publicado por el Consulado General de Italia el 15 de febrero de 2003<strong>.<\/strong><\/em><\/p>\n<p>&nbsp;<\/p>\n<p><img loading=\"lazy\" decoding=\"async\" class=\"alignnone wp-image-10151 img-fluid\" src=\"https:\/\/consbuenosaires.esteri.it\/wp-content\/uploads\/2026\/01\/foto-164x300.jpeg\" alt=\"\" width=\"295\" height=\"540\" srcset=\"https:\/\/consbuenosaires.esteri.it\/wp-content\/uploads\/2026\/01\/foto-164x300.jpeg 164w, https:\/\/consbuenosaires.esteri.it\/wp-content\/uploads\/2026\/01\/foto-560x1024.jpeg 560w, https:\/\/consbuenosaires.esteri.it\/wp-content\/uploads\/2026\/01\/foto-768x1405.jpeg 768w, https:\/\/consbuenosaires.esteri.it\/wp-content\/uploads\/2026\/01\/foto.jpeg 769w\" sizes=\"auto, (max-width: 295px) 100vw, 295px\" \/><\/p>\n<p><em>Vista de la actual sede del Consulado General de Italia en Buenos Aires..<\/em><\/p>\n","protected":false},"excerpt":{"rendered":"El Consulado General de Italia en Buenos Aires est\u00e1 est\u00e1 ubicado en el barrio del \u201cMicrocentro\u201d de la capital, en la calle Reconquista 572, cerca de la intersecci\u00f3n con la calle Tucum\u00e1n. Se puede llegar al Consulado\u00a0\u00a0en colectivo (hay m\u00e1s de 40 l\u00edneas) o en subte (subte Linea D \u2013 estaci\u00f3n \u201cCatedral\u201d o Linea B [&hellip;]","protected":false},"author":1,"featured_media":0,"parent":150,"menu_order":2,"comment_status":"closed","ping_status":"closed","template":"","meta":{"footnotes":""},"class_list":["post-152","page","type-page","status-publish","hentry"],"_links":{"self":[{"href":"https:\/\/consbuenosaires.esteri.it\/es\/wp-json\/wp\/v2\/pages\/152","targetHints":{"allow":["GET"]}}],"collection":[{"href":"https:\/\/consbuenosaires.esteri.it\/es\/wp-json\/wp\/v2\/pages"}],"about":[{"href":"https:\/\/consbuenosaires.esteri.it\/es\/wp-json\/wp\/v2\/types\/page"}],"author":[{"embeddable":true,"href":"https:\/\/consbuenosaires.esteri.it\/es\/wp-json\/wp\/v2\/users\/1"}],"replies":[{"embeddable":true,"href":"https:\/\/consbuenosaires.esteri.it\/es\/wp-json\/wp\/v2\/comments?post=152"}],"version-history":[{"count":7,"href":"https:\/\/consbuenosaires.esteri.it\/es\/wp-json\/wp\/v2\/pages\/152\/revisions"}],"predecessor-version":[{"id":10216,"href":"https:\/\/consbuenosaires.esteri.it\/es\/wp-json\/wp\/v2\/pages\/152\/revisions\/10216"}],"up":[{"embeddable":true,"href":"https:\/\/consbuenosaires.esteri.it\/es\/wp-json\/wp\/v2\/pages\/150"}],"wp:attachment":[{"href":"https:\/\/consbuenosaires.esteri.it\/es\/wp-json\/wp\/v2\/media?parent=152"}],"curies":[{"name":"wp","href":"https:\/\/api.w.org\/{rel}","templated":true}]}}