{"id":1507,"date":"2023-05-23T21:07:22","date_gmt":"2023-05-23T19:07:22","guid":{"rendered":"https:\/\/consbuenosaires.esteri.it\/?page_id=1507"},"modified":"2024-07-02T19:50:01","modified_gmt":"2024-07-02T17:50:01","slug":"consentimiento","status":"publish","type":"page","link":"https:\/\/consbuenosaires.esteri.it\/es\/servizi-consolari-e-visti\/servizi-per-il-cittadino-italiano\/passaporti\/consentimiento\/","title":{"rendered":"Consentimiento"},"content":{"rendered":"<p><strong>C\u00d3MO MANIFESTAR EL CONSENTIMIENTO PARA LA EMISI\u00d3N DEL PASAPORTE<\/strong><\/p>\n<p><span style=\"text-decoration: underline;\">La ley italiana requiere el consentimiento de ambos padres cuando se solicita el pasaporte para un menor de edad.<\/span><\/p>\n<p>El consentimiento puede manifestarse de una de las siguientes formas:<\/p>\n<ul>\n<li>personalmente en este Consulado General el d\u00eda del turno de retiro del pasaporte (se recuerda que la persona que otorga el consentimiento debe presentar un documento de identidad v\u00e1lido, en original y copia simple);<\/li>\n<li>personalmente en cualquier Oficina de la Administraci\u00f3n P\u00fablica Italiana (habilitada para autenticar firmas, por ejemplo, la Questura u otras representaciones diplom\u00e1tico-consulares);<\/li>\n<li>mediante un poder espec\u00edfico otorgado por un escribano argentino, con la posterior apostilla y traducci\u00f3n al italiano.<\/li>\n<\/ul>\n<p>Los ciudadanos de la Uni\u00f3n Europea pueden manifestar su consentimiento completando y firmando el <strong><a href=\"https:\/\/consbuenosaires.esteri.it\/wp-content\/uploads\/2023\/06\/Modulo-assenso-cittadini-UE.pdf\">formulario correspondiente<\/a><\/strong> y <strong>adjuntando una copia de un documento emitido por un pa\u00eds de la Uni\u00f3n Europea vigente en el que aparezca la firma del declarante<\/strong>.<\/p>\n<p>En caso de fallecimiento de uno de los padres, se debe presentar el acta de defunci\u00f3n correspondiente.<\/p>\n<p>&nbsp;<\/p>\n<p><strong>Qu\u00e9 hacer en caso de denegaci\u00f3n del consentimiento<\/strong><\/p>\n<p>Las razones que pueden argumentarse para negar el consentimiento est\u00e1n relacionadas con el incumplimiento de las obligaciones alimentarias y de manutenci\u00f3n de los menores.<\/p>\n<p>En ausencia del consentimiento del otro padre, el C\u00f3nsul General, en su calidad de Juez Tutelar de los menores residentes en su Circunscripci\u00f3n Consular, despu\u00e9s de realizar una serie de verificaciones, podr\u00e1 evaluar si autorizar, mediante un Decreto Consular espec\u00edfico, la emisi\u00f3n del pasaporte del menor.<\/p>\n<p>Para ello, el progenitor que otorga el consentimiento deber\u00e1 presentar una carta firmada (por mail a <a href=\"mailto:passaporti.buenosaires@esteri.it\">passaporti.buenosaires@esteri.it<\/a>) en la cual se deben explicar las razones por las cuales el otro progenitor, del cual se debe proporcionar la direcci\u00f3n completa y cualquier n\u00famero de tel\u00e9fono correspondiente, se niega a firmar el acta de consentimiento.<\/p>\n","protected":false},"excerpt":{"rendered":"C\u00d3MO MANIFESTAR EL CONSENTIMIENTO PARA LA EMISI\u00d3N DEL PASAPORTE La ley italiana requiere el consentimiento de ambos padres cuando se solicita el pasaporte para un menor de edad. El consentimiento puede manifestarse de una de las siguientes formas: personalmente en este Consulado General el d\u00eda del turno de retiro del pasaporte (se recuerda que la [&hellip;]","protected":false},"author":5,"featured_media":0,"parent":199,"menu_order":0,"comment_status":"closed","ping_status":"closed","template":"","meta":{"footnotes":""},"class_list":["post-1507","page","type-page","status-publish","hentry"],"_links":{"self":[{"href":"https:\/\/consbuenosaires.esteri.it\/es\/wp-json\/wp\/v2\/pages\/1507","targetHints":{"allow":["GET"]}}],"collection":[{"href":"https:\/\/consbuenosaires.esteri.it\/es\/wp-json\/wp\/v2\/pages"}],"about":[{"href":"https:\/\/consbuenosaires.esteri.it\/es\/wp-json\/wp\/v2\/types\/page"}],"author":[{"embeddable":true,"href":"https:\/\/consbuenosaires.esteri.it\/es\/wp-json\/wp\/v2\/users\/5"}],"replies":[{"embeddable":true,"href":"https:\/\/consbuenosaires.esteri.it\/es\/wp-json\/wp\/v2\/comments?post=1507"}],"version-history":[{"count":4,"href":"https:\/\/consbuenosaires.esteri.it\/es\/wp-json\/wp\/v2\/pages\/1507\/revisions"}],"predecessor-version":[{"id":4537,"href":"https:\/\/consbuenosaires.esteri.it\/es\/wp-json\/wp\/v2\/pages\/1507\/revisions\/4537"}],"up":[{"embeddable":true,"href":"https:\/\/consbuenosaires.esteri.it\/es\/wp-json\/wp\/v2\/pages\/199"}],"wp:attachment":[{"href":"https:\/\/consbuenosaires.esteri.it\/es\/wp-json\/wp\/v2\/media?parent=1507"}],"curies":[{"name":"wp","href":"https:\/\/api.w.org\/{rel}","templated":true}]}}