{"id":1506,"date":"2023-05-23T21:04:01","date_gmt":"2023-05-23T19:04:01","guid":{"rendered":"https:\/\/consbuenosaires.esteri.it\/?page_id=1506"},"modified":"2024-07-02T19:56:52","modified_gmt":"2024-07-02T17:56:52","slug":"retiro-de-pasaporte","status":"publish","type":"page","link":"https:\/\/consbuenosaires.esteri.it\/es\/servizi-consolari-e-visti\/servizi-per-il-cittadino-italiano\/passaporti\/retiro-de-pasaporte\/","title":{"rendered":"Entrega de Pasaporte"},"content":{"rendered":"<div class=\"flex flex-grow flex-col gap-3\">\n<div class=\"min-h-[20px] flex flex-col items-start gap-4 whitespace-pre-wrap break-words\">\n<div class=\"markdown prose w-full break-words dark:prose-invert light\">\n<p><strong>C\u00d3MO RETIRAR EL PASAPORTE<\/strong><\/p>\n<ol>\n<li>Despu\u00e9s de recibir el correo electr\u00f3nico de confirmaci\u00f3n de tu solicitud de pasaporte, ingres\u00e1 a <strong><a href=\"https:\/\/prenotami.esteri.it\/\">Prenot@mi<\/a><\/strong> y seleccion\u00e1 el servicio de <span style=\"text-decoration: underline;\">entrega de pasaporte<\/span>. Los turnos est\u00e1n disponibles de domingos a jueves a las 19:00;<\/li>\n<li>Ingres\u00e1 el c\u00f3digo recibido por correo electr\u00f3nico para reservar el turno: individual para el mismo solicitante; m\u00faltiple en caso de hijos menores de edad (incluso si se solicita el pasaporte solo para el hijo\/a);<\/li>\n<li>En la fecha y hora establecidas para el turno, deber\u00e1s presentarte en las oficinas del Consulado General de Italia (ubicado en Reconquista 572, CABA) para tomar las huellas dactilares, firmar y retirar el pasaporte con los siguientes documentos:\n<ul>\n<li>pasaporte italiano anterior (con fotocopia de las primeras 3 p\u00e1ginas), si est\u00e1 disponible;<\/li>\n<li>Documento Nacional de Identidad (D.N.I.) vigente con una foto reconocible (original y copia simple) del solicitante y, en caso de hijos menores, tambi\u00e9n una copia del D.N.I. de ambos progenitores;<\/li>\n<li>2 fotograf\u00edas iguales y recientes (con un m\u00e1ximo de 6 meses de antig\u00fcedad), tama\u00f1o de pasaporte (35&#215;40 mm), no digitales, en color, con fondo blanco, que muestren el rostro de frente, a distancia media, con las cejas descubiertas, expresi\u00f3n neutral y boca cerrada;<\/li>\n<li>recibo de pago impreso realizado 3 d\u00edas h\u00e1biles antes del turno.<\/li>\n<\/ul>\n<\/li>\n<\/ol>\n<p><strong>*El d\u00eda del turno para retirar el pasaporte, es necesario que est\u00e9n presentes todos los solicitantes del pasaporte (incluidos los menores de edad) y los padres que deben dar su <a href=\"https:\/\/consbuenosaires.esteri.it\/es\/servizi-consolari-e-visti\/servizi-per-il-cittadino-italiano\/passaporti\/consentimiento\/\">consentimiento<\/a>.<\/strong><\/p>\n<\/div>\n<\/div>\n<\/div>\n","protected":false},"excerpt":{"rendered":"C\u00d3MO RETIRAR EL PASAPORTE Despu\u00e9s de recibir el correo electr\u00f3nico de confirmaci\u00f3n de tu solicitud de pasaporte, ingres\u00e1 a Prenot@mi y seleccion\u00e1 el servicio de entrega de pasaporte. Los turnos est\u00e1n disponibles de domingos a jueves a las 19:00; Ingres\u00e1 el c\u00f3digo recibido por correo electr\u00f3nico para reservar el turno: individual para el mismo solicitante; [&hellip;]","protected":false},"author":5,"featured_media":0,"parent":199,"menu_order":0,"comment_status":"closed","ping_status":"closed","template":"","meta":{"footnotes":""},"class_list":["post-1506","page","type-page","status-publish","hentry"],"_links":{"self":[{"href":"https:\/\/consbuenosaires.esteri.it\/es\/wp-json\/wp\/v2\/pages\/1506","targetHints":{"allow":["GET"]}}],"collection":[{"href":"https:\/\/consbuenosaires.esteri.it\/es\/wp-json\/wp\/v2\/pages"}],"about":[{"href":"https:\/\/consbuenosaires.esteri.it\/es\/wp-json\/wp\/v2\/types\/page"}],"author":[{"embeddable":true,"href":"https:\/\/consbuenosaires.esteri.it\/es\/wp-json\/wp\/v2\/users\/5"}],"replies":[{"embeddable":true,"href":"https:\/\/consbuenosaires.esteri.it\/es\/wp-json\/wp\/v2\/comments?post=1506"}],"version-history":[{"count":1,"href":"https:\/\/consbuenosaires.esteri.it\/es\/wp-json\/wp\/v2\/pages\/1506\/revisions"}],"predecessor-version":[{"id":4544,"href":"https:\/\/consbuenosaires.esteri.it\/es\/wp-json\/wp\/v2\/pages\/1506\/revisions\/4544"}],"up":[{"embeddable":true,"href":"https:\/\/consbuenosaires.esteri.it\/es\/wp-json\/wp\/v2\/pages\/199"}],"wp:attachment":[{"href":"https:\/\/consbuenosaires.esteri.it\/es\/wp-json\/wp\/v2\/media?parent=1506"}],"curies":[{"name":"wp","href":"https:\/\/api.w.org\/{rel}","templated":true}]}}