{"id":1505,"date":"2023-09-20T10:01:51","date_gmt":"2023-09-20T08:01:51","guid":{"rendered":"https:\/\/consbuenosaires.esteri.it\/?page_id=1505"},"modified":"2025-02-11T19:17:28","modified_gmt":"2025-02-11T18:17:28","slug":"solicitud-de-pasaporte","status":"publish","type":"page","link":"https:\/\/consbuenosaires.esteri.it\/es\/servizi-consolari-e-visti\/servizi-per-il-cittadino-italiano\/passaporti\/solicitud-de-pasaporte\/","title":{"rendered":"Solicitud de Pasaporte"},"content":{"rendered":"<p><strong>C\u00d3MO REALIZAR LA SOLICITUD DE PASAPORTE<\/strong><\/p>\n<p><strong>Record\u00e1: los turnos est\u00e1n disponibles de domingos a jueves, cada d\u00eda, a las 19:00, en el portal <a href=\"https:\/\/prenotami.esteri.it\">Prenot@mi<\/a>.<\/strong><\/p>\n<ol>\n<li>Si a\u00fan no lo hiciste, registrate en el sistema <strong><a href=\"https:\/\/prenotami.esteri.it\">Prenot@mi<\/a><\/strong>.<br \/>\n<strong>Record\u00e1: en caso de solicitar pasaporte para menores, la reserva debe hacerse a nombre del padre\/madre y no del menor, como \u00absolicitud m\u00faltiple\u00bb<\/strong>;<\/li>\n<li>Verific\u00e1 que tu direcci\u00f3n de residencia coincida con el Consulado General y est\u00e9 actualizada (<a href=\"https:\/\/consbuenosaires.esteri.it\/es\/chi-siamo\/la-rete-consolare\/\"><strong>ver la red consular<\/strong><\/a>). Si coincide con el Vice Consulado Honorario de San Isidro o los Corresponsales Consulares de Tres Febrero, Merlo o Zarate, vas a poder solicitar el pasaporte directamente en el Consulado General de Italia en Buenos Aires (<strong>segu\u00ed las instrucciones del punto 3<\/strong>); en particular <u>para los residentes dentro de la Circunscripci\u00f3n del Vice Consulado Honorario de San Isidro, tambi\u00e9n existe la posibilidad de realizar la solicitud en el VCH, sacando un turno a trav\u00e9s del portal\u00a0\u201c<\/u><u><a href=\"https:\/\/prenotami.esteri.it\/\"><strong>Prenot@mi<\/strong><\/a>\u201d<\/u>;<\/li>\n<li>Ingres\u00e1 a <strong><a href=\"https:\/\/prenotami.esteri.it\">Prenot@mi<\/a> <\/strong>y seleccion\u00e1 el servicio de <span style=\"text-decoration: underline;\">solicitud de pasaporte<\/span>. Los turnos est\u00e1n disponibles de domingos a jueves, cada d\u00eda, a las 19:00;<\/li>\n<li>Le\u00e9 con atenci\u00f3n las instrucciones al momento de completar el formulario;<\/li>\n<li>Si ten\u00e9s hijos menores de 18 a\u00f1os y vas a solicitar el pasaporte tambi\u00e9n para ellos, deb\u00e9s hacer una \u00abreserva m\u00faltiple\u00bb y completar el formulario con tus datos, agregando el n\u00famero y los datos de tus hijos menores en el campo \u00abSolicitantes adicionales\u00bb. En caso de no estar casado\/a, los datos del otro progenitor (nombre, apellido, fecha y lugar de nacimiento) deben ingresarse en la secci\u00f3n \u00abNOTAS\u00bb. <span style=\"text-decoration: underline;\">Record\u00e1 que tu c\u00f3nyuge, hijos mayores de edad y otros familiares deben presentar su propia solicitud de pasaporte por separado<\/span>;<\/li>\n<li>Control\u00e1 haber completado correctamente el formulario: <strong>los formularios incompletos o mal completados no ser\u00e1n aceptados y deber\u00e1s hacer una nueva reserva<\/strong>;<\/li>\n<li>Despu\u00e9s de hacer clic en \u00abSiguiente\u00bb, seleccion\u00e1 la fecha disponible y confirm\u00e1 la reserva.<br \/>\n<strong>Record\u00e1: el calendario muestra la primera fecha disponible. Si la fecha est\u00e1 en rojo, significa que todos los turnos est\u00e1n ocupados<\/strong>;<\/li>\n<li>El d\u00eda seleccionado para la solicitud de pasaporte <strong>NO DEB\u00c9S VENIR AL CONSULADO: es un turno \u00abvirtual\u00bb en el que trabajaremos en tu solicitud<\/strong>. Verific\u00e1 tu bandeja de entrada (la que usaste para registrarte en Prenot@mi), donde recibir\u00e1s, en un plazo de tres d\u00edas h\u00e1biles despu\u00e9s de la fecha del turno \u00abvirtual\u00bb, un correo electr\u00f3nico del Consulado con el resultado de la solicitud y las instrucciones a seguir;<\/li>\n<li>Si no recib\u00eds el correo electr\u00f3nico dentro de los tres d\u00edas, control\u00e1 primero que no se encuentre en tu carpeta de correo no deseado y luego inform\u00e1 el problema escribiendo a <a href=\"mailto:passaporti.buenosaires@esteri.it\">passaporti.buenosaires@esteri.it<\/a> indicando en el asunto la frase:<br \/>\nDOMANDA PASSAPORTO, seguida de tu nombre y apellido (como aparece en el usuario) y la fecha seleccionada para la solicitud de pasaporte (por ejemplo, DOMANDA PASSAPORTO &#8211; MARIO ROSSI &#8211; 05\/11\/2013).<\/li>\n<\/ol>\n","protected":false},"excerpt":{"rendered":"C\u00d3MO REALIZAR LA SOLICITUD DE PASAPORTE Record\u00e1: los turnos est\u00e1n disponibles de domingos a jueves, cada d\u00eda, a las 19:00, en el portal Prenot@mi. Si a\u00fan no lo hiciste, registrate en el sistema Prenot@mi. Record\u00e1: en caso de solicitar pasaporte para menores, la reserva debe hacerse a nombre del padre\/madre y no del menor, como [&hellip;]","protected":false},"author":5,"featured_media":0,"parent":199,"menu_order":0,"comment_status":"closed","ping_status":"closed","template":"","meta":{"footnotes":""},"class_list":["post-1505","page","type-page","status-publish","hentry"],"_links":{"self":[{"href":"https:\/\/consbuenosaires.esteri.it\/es\/wp-json\/wp\/v2\/pages\/1505","targetHints":{"allow":["GET"]}}],"collection":[{"href":"https:\/\/consbuenosaires.esteri.it\/es\/wp-json\/wp\/v2\/pages"}],"about":[{"href":"https:\/\/consbuenosaires.esteri.it\/es\/wp-json\/wp\/v2\/types\/page"}],"author":[{"embeddable":true,"href":"https:\/\/consbuenosaires.esteri.it\/es\/wp-json\/wp\/v2\/users\/5"}],"replies":[{"embeddable":true,"href":"https:\/\/consbuenosaires.esteri.it\/es\/wp-json\/wp\/v2\/comments?post=1505"}],"version-history":[{"count":4,"href":"https:\/\/consbuenosaires.esteri.it\/es\/wp-json\/wp\/v2\/pages\/1505\/revisions"}],"predecessor-version":[{"id":6265,"href":"https:\/\/consbuenosaires.esteri.it\/es\/wp-json\/wp\/v2\/pages\/1505\/revisions\/6265"}],"up":[{"embeddable":true,"href":"https:\/\/consbuenosaires.esteri.it\/es\/wp-json\/wp\/v2\/pages\/199"}],"wp:attachment":[{"href":"https:\/\/consbuenosaires.esteri.it\/es\/wp-json\/wp\/v2\/media?parent=1505"}],"curies":[{"name":"wp","href":"https:\/\/api.w.org\/{rel}","templated":true}]}}